{"id":491,"date":"2024-05-22T20:16:04","date_gmt":"2024-05-22T18:16:04","guid":{"rendered":"https:\/\/atraari.com\/?post_type=product&#038;p=491"},"modified":"2025-08-16T02:35:35","modified_gmt":"2025-08-16T00:35:35","slug":"jersey-premium-beige-vanilla","status":"publish","type":"product","link":"https:\/\/atraari.com\/en\/product\/jersey-premium-beige-vanilla\/","title":{"rendered":"JERSEY PREMIUM &#8211; BEIGE VANILLE"},"content":{"rendered":"<p>[et_pb_section fb_built=\u00a0\u00bb1&Prime; _builder_version=\u00a0\u00bb4.21.0&Prime; _module_preset=\u00a0\u00bbdefault\u00a0\u00bb custom_padding=\u00a0\u00bb0px||0px||true|false\u00a0\u00bb da_disable_devices=\u00a0\u00bboff|off|off\u00a0\u00bb global_colors_info=\u00a0\u00bb{}\u00a0\u00bb da_is_popup=\u00a0\u00bboff\u00a0\u00bb da_exit_intent=\u00a0\u00bboff\u00a0\u00bb da_has_close=\u00a0\u00bbon\u00a0\u00bb da_alt_close=\u00a0\u00bboff\u00a0\u00bb da_dark_close=\u00a0\u00bboff\u00a0\u00bb da_not_modal=\u00a0\u00bbon\u00a0\u00bb da_is_singular=\u00a0\u00bboff\u00a0\u00bb da_with_loader=\u00a0\u00bboff\u00a0\u00bb da_has_shadow=\u00a0\u00bbon\u00a0\u00bb][et_pb_row _builder_version=\u00a0\u00bb4.21.0&Prime; _module_preset=\u00a0\u00bbdefault\u00a0\u00bb width=\u00a0\u00bb100%\u00a0\u00bb max_width=\u00a0\u00bb2560px\u00a0\u00bb module_alignment=\u00a0\u00bbcenter\u00a0\u00bb custom_margin=\u00a0\u00bb||||false|false\u00a0\u00bb custom_padding=\u00a0\u00bb0px||0px||true|false\u00a0\u00bb global_colors_info=\u00a0\u00bb{}\u00a0\u00bb][et_pb_column type=\u00a0\u00bb4_4&Prime; _builder_version=\u00a0\u00bb4.21.0&Prime; _module_preset=\u00a0\u00bbdefault\u00a0\u00bb custom_padding=\u00a0\u00bb0px||0px||true|false\u00a0\u00bb global_colors_info=\u00a0\u00bb{}\u00a0\u00bb][et_pb_menu menu_id=\u00a0\u00bb20&Prime; menu_style=\u00a0\u00bbcentered\u00a0\u00bb submenu_direction=\u00a0\u00bbdownwards\u00a0\u00bb active_link_color=\u00a0\u00bb#FFFFFF\u00a0\u00bb dropdown_menu_bg_color=\u00a0\u00bb#FFFFFF\u00a0\u00bb dropdown_menu_line_color=\u00a0\u00bb#645B57&Prime; dropdown_menu_text_color=\u00a0\u00bb#2A2A2A\u00a0\u00bb logo=\u00a0\u00bbhttps:\/\/atraari.com\/wp-content\/uploads\/2024\/05\/logo-ATRAARI-MEDIUM-WHITE.png\u00a0\u00bb logo_url=\u00a0\u00bbhttps:\/\/atraari.com\/\u00a0\u00bb logo_width=\u00a0\u00bb10%\u00a0\u00bb show_cart_icon=\u00a0\u00bbon\u00a0\u00bb show_search_icon=\u00a0\u00bbon\u00a0\u00bb cart_icon_color=\u00a0\u00bb#FFFFFF\u00a0\u00bb search_icon_color=\u00a0\u00bb#FFFFFF\u00a0\u00bb _builder_version=\u00a0\u00bb4.21.0&Prime; _module_preset=\u00a0\u00bbdefault\u00a0\u00bb menu_font=\u00a0\u00bbWork Sans|600||on|||||\u00a0\u00bb menu_text_color=\u00a0\u00bb#EAEAEA\u00a0\u00bb menu_font_size=\u00a0\u00bb13px\u00a0\u00bb menu_letter_spacing=\u00a0\u00bb3px\u00a0\u00bb background_color=\u00a0\u00bb#000000&Prime; width=\u00a0\u00bb100%\u00a0\u00bb max_width=\u00a0\u00bb100%\u00a0\u00bb module_alignment=\u00a0\u00bbcenter\u00a0\u00bb custom_margin=\u00a0\u00bb|||20px|false|false\u00a0\u00bb custom_padding=\u00a0\u00bb23px||0px||false|false\u00a0\u00bb sticky_position=\u00a0\u00bbtop\u00a0\u00bb global_colors_info=\u00a0\u00bb{}\u00a0\u00bb][\/et_pb_menu][\/et_pb_column][\/et_pb_row][\/et_pb_section][et_pb_section fb_built=\u00a0\u00bb1&Prime; _builder_version=\u00a0\u00bb4.21.0&Prime; _module_preset=\u00a0\u00bbdefault\u00a0\u00bb custom_padding=\u00a0\u00bb0px||||false|false\u00a0\u00bb da_disable_devices=\u00a0\u00bboff|off|off\u00a0\u00bb global_colors_info=\u00a0\u00bb{}\u00a0\u00bb da_is_popup=\u00a0\u00bboff\u00a0\u00bb da_exit_intent=\u00a0\u00bboff\u00a0\u00bb da_has_close=\u00a0\u00bbon\u00a0\u00bb da_alt_close=\u00a0\u00bboff\u00a0\u00bb da_dark_close=\u00a0\u00bboff\u00a0\u00bb da_not_modal=\u00a0\u00bbon\u00a0\u00bb da_is_singular=\u00a0\u00bboff\u00a0\u00bb da_with_loader=\u00a0\u00bboff\u00a0\u00bb da_has_shadow=\u00a0\u00bbon\u00a0\u00bb][et_pb_row _builder_version=\u00a0\u00bb4.21.0&Prime; _module_preset=\u00a0\u00bbdefault\u00a0\u00bb background_color=\u00a0\u00bb#EBE7E3&Prime; width=\u00a0\u00bb100%\u00a0\u00bb max_width=\u00a0\u00bb2560px\u00a0\u00bb custom_padding=\u00a0\u00bb0px||0px||true|false\u00a0\u00bb global_colors_info=\u00a0\u00bb{}\u00a0\u00bb][et_pb_column type=\u00a0\u00bb4_4&Prime; _builder_version=\u00a0\u00bb4.21.0&Prime; _module_preset=\u00a0\u00bbdefault\u00a0\u00bb global_colors_info=\u00a0\u00bb{}\u00a0\u00bb][et_pb_text _builder_version=\u00a0\u00bb4.21.0&Prime; _dynamic_attributes=\u00a0\u00bbcontent\u00a0\u00bb _module_preset=\u00a0\u00bbdefault\u00a0\u00bb text_font=\u00a0\u00bbWork Sans|||on|||||\u00a0\u00bb text_text_color=\u00a0\u00bb#212B36&Prime; text_font_size=\u00a0\u00bb22px\u00a0\u00bb text_letter_spacing=\u00a0\u00bb2px\u00a0\u00bb header_font=\u00a0\u00bb||||||||\u00a0\u00bb header_2_font=\u00a0\u00bb||||||||\u00a0\u00bb text_orientation=\u00a0\u00bbcenter\u00a0\u00bb custom_padding=\u00a0\u00bb50px|||0px|false|false\u00a0\u00bb global_colors_info=\u00a0\u00bb{}\u00a0\u00bb]@ET-DC@eyJkeW5hbWljIjp0cnVlLCJjb250ZW50IjoicG9zdF90aXRsZSIsInNldHRpbmdzIjp7ImJlZm9yZSI6IiIsImFmdGVyIjoiIn19@[\/et_pb_text][et_pb_text _builder_version=\u00a0\u00bb4.21.0&Prime; _dynamic_attributes=\u00a0\u00bbcontent\u00a0\u00bb _module_preset=\u00a0\u00bbdefault\u00a0\u00bb text_font=\u00a0\u00bb|300|||||||\u00a0\u00bb text_text_color=\u00a0\u00bb#2A2A2A\u00a0\u00bb header_font=\u00a0\u00bb||||||||\u00a0\u00bb custom_padding=\u00a0\u00bb|||4%|false|false\u00a0\u00bb global_colors_info=\u00a0\u00bb{}\u00a0\u00bb]@ET-DC@eyJkeW5hbWljIjp0cnVlLCJjb250ZW50IjoidGVybV9kZXNjcmlwdGlvbiIsInNldHRpbmdzIjp7ImJlZm9yZSI6IiIsImFmdGVyIjoiIn19@[\/et_pb_text][\/et_pb_column][\/et_pb_row][et_pb_row _builder_version=\u00a0\u00bb4.21.0&Prime; _module_preset=\u00a0\u00bbdefault\u00a0\u00bb global_colors_info=\u00a0\u00bb{}\u00a0\u00bb][et_pb_column type=\u00a0\u00bb4_4&Prime; _builder_version=\u00a0\u00bb4.21.0&Prime; _module_preset=\u00a0\u00bbdefault\u00a0\u00bb global_colors_info=\u00a0\u00bb{}\u00a0\u00bb][et_pb_shop posts_number=\u00a0\u00bb6&Prime; show_pagination=\u00a0\u00bbon\u00a0\u00bb columns_number=\u00a0\u00bb3&Prime; icon_hover_color=\u00a0\u00bbrgba(255,255,255,0.2)\u00a0\u00bb hover_overlay_color=\u00a0\u00bbrgba(255,255,255,0.2)\u00a0\u00bb show_rating=\u00a0\u00bboff\u00a0\u00bb show_sale_badge=\u00a0\u00bboff\u00a0\u00bb _builder_version=\u00a0\u00bb4.21.0&Prime; _module_preset=\u00a0\u00bbdefault\u00a0\u00bb title_font=\u00a0\u00bbWork Sans|600||on|||||\u00a0\u00bb title_text_align=\u00a0\u00bbcenter\u00a0\u00bb title_text_color=\u00a0\u00bb#2A2A2A\u00a0\u00bb price_font=\u00a0\u00bb|||on|||||\u00a0\u00bb price_text_align=\u00a0\u00bbcenter\u00a0\u00bb price_text_color=\u00a0\u00bb#2A2A2A\u00a0\u00bb price_line_height=\u00a0\u00bb10px\u00a0\u00bb global_colors_info=\u00a0\u00bb{}\u00a0\u00bb][\/et_pb_shop][\/et_pb_column][\/et_pb_row][\/et_pb_section][et_pb_section fb_built=\u00a0\u00bb1&Prime; _builder_version=\u00a0\u00bb4.21.0&Prime; _module_preset=\u00a0\u00bbdefault\u00a0\u00bb width=\u00a0\u00bb100%\u00a0\u00bb custom_padding=\u00a0\u00bb0px||0px||true|false\u00a0\u00bb da_disable_devices=\u00a0\u00bboff|off|off\u00a0\u00bb global_colors_info=\u00a0\u00bb{}\u00a0\u00bb da_is_popup=\u00a0\u00bboff\u00a0\u00bb da_exit_intent=\u00a0\u00bboff\u00a0\u00bb da_has_close=\u00a0\u00bbon\u00a0\u00bb da_alt_close=\u00a0\u00bboff\u00a0\u00bb da_dark_close=\u00a0\u00bboff\u00a0\u00bb da_not_modal=\u00a0\u00bbon\u00a0\u00bb da_is_singular=\u00a0\u00bboff\u00a0\u00bb da_with_loader=\u00a0\u00bboff\u00a0\u00bb da_has_shadow=\u00a0\u00bbon\u00a0\u00bb][et_pb_row column_structure=\u00a0\u00bb1_2,1_2&Prime; make_equal=\u00a0\u00bbon\u00a0\u00bb _builder_version=\u00a0\u00bb4.21.0&Prime; _module_preset=\u00a0\u00bbdefault\u00a0\u00bb background_color=\u00a0\u00bb#FFFFFF\u00a0\u00bb width=\u00a0\u00bb100%\u00a0\u00bb max_width=\u00a0\u00bb2560px\u00a0\u00bb global_colors_info=\u00a0\u00bb{}\u00a0\u00bb][et_pb_column type=\u00a0\u00bb1_2&Prime; _builder_version=\u00a0\u00bb4.21.0&Prime; _module_preset=\u00a0\u00bbdefault\u00a0\u00bb global_colors_info=\u00a0\u00bb{}\u00a0\u00bb][et_pb_image src=\u00a0\u00bbhttps:\/\/atraari.com\/wp-content\/uploads\/2024\/05\/logo-ATRAARI-MEDIUM-WHITE.png\u00a0\u00bb alt=\u00a0\u00bblogo atraari\u00a0\u00bb title_text=\u00a0\u00bblogo ATRAARI MEDIUM WHITE\u00a0\u00bb _builder_version=\u00a0\u00bb4.21.0&Prime; _module_preset=\u00a0\u00bbdefault\u00a0\u00bb background_enable_color=\u00a0\u00bboff\u00a0\u00bb background_enable_pattern_style=\u00a0\u00bbon\u00a0\u00bb background_pattern_style=\u00a0\u00bbsmiles\u00a0\u00bb width=\u00a0\u00bb20%\u00a0\u00bb max_width=\u00a0\u00bb175px\u00a0\u00bb custom_margin=\u00a0\u00bb||0px||false|false\u00a0\u00bb custom_padding=\u00a0\u00bb||0px|3%|false|false\u00a0\u00bb filter_brightness=\u00a0\u00bb66%\u00a0\u00bb filter_invert=\u00a0\u00bb100%\u00a0\u00bb global_colors_info=\u00a0\u00bb{}\u00a0\u00bb filter_contrast__hover_enabled=\u00a0\u00bbon|desktop\u00a0\u00bb][\/et_pb_image][et_pb_divider color=\u00a0\u00bb#cccccc\u00a0\u00bb _builder_version=\u00a0\u00bb4.21.0&Prime; _module_preset=\u00a0\u00bbdefault\u00a0\u00bb background_enable_image=\u00a0\u00bboff\u00a0\u00bb width=\u00a0\u00bb84%\u00a0\u00bb custom_margin=\u00a0\u00bb||0px|28px|false|false\u00a0\u00bb custom_padding=\u00a0\u00bb0px||||false|false\u00a0\u00bb custom_padding_tablet=\u00a0\u00bb0px||||false|false\u00a0\u00bb custom_padding_phone=\u00a0\u00bb0px||||false|false\u00a0\u00bb custom_padding_last_edited=\u00a0\u00bbon|desktop\u00a0\u00bb global_colors_info=\u00a0\u00bb{}\u00a0\u00bb][\/et_pb_divider][\/et_pb_column][et_pb_column type=\u00a0\u00bb1_2&Prime; _builder_version=\u00a0\u00bb4.21.0&Prime; _module_preset=\u00a0\u00bbdefault\u00a0\u00bb global_colors_info=\u00a0\u00bb{}\u00a0\u00bb][et_pb_signup first_name_field=\u00a0\u00bboff\u00a0\u00bb last_name_field=\u00a0\u00bboff\u00a0\u00bb button_text=\u00a0\u00bbSUBSCRIBE\u00a0\u00bb _builder_version=\u00a0\u00bb4.21.0&Prime; _module_preset=\u00a0\u00bbdefault\u00a0\u00bb form_field_text_color=\u00a0\u00bb#2A2A2A\u00a0\u00bb form_field_custom_margin=\u00a0\u00bb|0px|||false|false\u00a0\u00bb result_message_font=\u00a0\u00bbWork Sans||||||||\u00a0\u00bb background_color=\u00a0\u00bb#FFFFFF\u00a0\u00bb custom_button=\u00a0\u00bbon\u00a0\u00bb button_bg_color=\u00a0\u00bb#2A2A2A\u00a0\u00bb button_use_icon=\u00a0\u00bboff\u00a0\u00bb button_custom_padding=\u00a0\u00bb10px||10px||true|false\u00a0\u00bb custom_margin=\u00a0\u00bb||0px||false|false\u00a0\u00bb border_width_all=\u00a0\u00bb1px\u00a0\u00bb border_radii_fields=\u00a0\u00bbon|0px|0px|0px|0px\u00a0\u00bb global_colors_info=\u00a0\u00bb{}\u00a0\u00bb][\/et_pb_signup][\/et_pb_column][\/et_pb_row][et_pb_row _builder_version=\u00a0\u00bb4.21.0&Prime; _module_preset=\u00a0\u00bbdefault\u00a0\u00bb background_color=\u00a0\u00bb#FFFFFF\u00a0\u00bb width=\u00a0\u00bb100%\u00a0\u00bb max_width=\u00a0\u00bb2560px\u00a0\u00bb global_colors_info=\u00a0\u00bb{}\u00a0\u00bb][et_pb_column type=\u00a0\u00bb4_4&Prime; _builder_version=\u00a0\u00bb4.21.0&Prime; _module_preset=\u00a0\u00bbdefault\u00a0\u00bb global_colors_info=\u00a0\u00bb{}\u00a0\u00bb][et_pb_divider color=\u00a0\u00bb#cccccc\u00a0\u00bb _builder_version=\u00a0\u00bb4.21.0&Prime; _module_preset=\u00a0\u00bbdefault\u00a0\u00bb custom_margin=\u00a0\u00bb||0px||false|false\u00a0\u00bb global_colors_info=\u00a0\u00bb{}\u00a0\u00bb][\/et_pb_divider][et_pb_text _builder_version=\u00a0\u00bb4.21.0&Prime; _module_preset=\u00a0\u00bbdefault\u00a0\u00bb text_font=\u00a0\u00bbWork Sans|700||on|||||\u00a0\u00bb text_text_color=\u00a0\u00bb#000000&Prime; text_font_size=\u00a0\u00bb12px\u00a0\u00bb header_font=\u00a0\u00bbWork Sans||||||||\u00a0\u00bb custom_padding=\u00a0\u00bb|||1%|false|false\u00a0\u00bb global_colors_info=\u00a0\u00bb{}\u00a0\u00bb]<\/p>\n<p>\u00a9 ATRAARI\u00a0 2024\u00a0 \u00a0 |\u00a0 \u00a0 TERMES &amp; CONDITIONS\u00a0 \u00a0 |\u00a0 \u00a0 FAQ\u00a0 \u00a0 |\u00a0 \u00a0 PRIVACY POLICY\u00a0 \u00a0 |\u00a0 \u00a0 CONTACT<\/p>\n<p>[\/et_pb_text][\/et_pb_column][\/et_pb_row][\/et_pb_section]<\/p>\n","protected":false},"excerpt":{"rendered":"<p>D\u00e9couvrez confort et \u00e9l\u00e9gance avec nos \u00e9charpes en jersey premium ATRAARI. Douces et respirantes, elles offrent un drap\u00e9 superbe et des styles polyvalents dans des couleurs intemporelles, alliant luxe et praticit\u00e9.<\/p>\n<p>&nbsp;<\/p>\n<ul>\n<li>95% Polyester, 5% Spandex<\/li>\n<li>Taille: 180&#215;75 cm<\/li>\n<li>Laver \u00e0 30 degr\u00e9s<\/li>\n<li>\u00c9vitez s\u00e9chage au s\u00e8che-linge<\/li>\n<\/ul>","protected":false},"featured_media":2275,"template":"","meta":{"_et_pb_use_builder":"on","_et_pb_old_content":"","_et_gb_content_width":""},"product_brand":[],"product_cat":[21],"product_tag":[],"class_list":{"0":"post-491","1":"product","2":"type-product","3":"status-publish","4":"has-post-thumbnail","6":"product_cat-premium-jersey","8":"first","9":"outofstock","10":"shipping-taxable","11":"purchasable","12":"product-type-simple"},"yoast_head":"<!-- This site is optimized with the Yoast SEO plugin v27.4 - https:\/\/yoast.com\/product\/yoast-seo-wordpress\/ -->\n<title>Hijab Jersey Beige Vanille - Sobri\u00e9t\u00e9 et Raffinement - atraari.com<\/title>\n<meta name=\"description\" content=\"Optez pour la sobri\u00e9t\u00e9 avec notre hijab jersey beige vanille. Ce foulard premium est id\u00e9al pour un look raffin\u00e9 et \u00e9l\u00e9gant, adapt\u00e9 \u00e0 toutes les occasions.\" \/>\n<meta name=\"robots\" content=\"index, follow, max-snippet:-1, max-image-preview:large, max-video-preview:-1\" \/>\n<link rel=\"canonical\" href=\"https:\/\/atraari.com\/en\/product\/jersey-premium-beige-vanilla\/\" \/>\n<meta property=\"og:locale\" content=\"en_US\" \/>\n<meta property=\"og:type\" content=\"article\" \/>\n<meta property=\"og:title\" content=\"Hijab Jersey Beige Vanille - Sobri\u00e9t\u00e9 et Raffinement - atraari.com\" \/>\n<meta property=\"og:description\" content=\"Optez pour la sobri\u00e9t\u00e9 avec notre hijab jersey beige vanille. Ce foulard premium est id\u00e9al pour un look raffin\u00e9 et \u00e9l\u00e9gant, adapt\u00e9 \u00e0 toutes les occasions.\" \/>\n<meta property=\"og:url\" content=\"https:\/\/atraari.com\/en\/product\/jersey-premium-beige-vanilla\/\" \/>\n<meta property=\"og:site_name\" content=\"atraari.com\" \/>\n<meta property=\"article:modified_time\" content=\"2025-08-16T00:35:35+00:00\" \/>\n<meta property=\"og:image\" content=\"https:\/\/atraari.com\/wp-content\/uploads\/2025\/08\/27.png\" \/>\n\t<meta property=\"og:image:width\" content=\"1024\" \/>\n\t<meta property=\"og:image:height\" content=\"1536\" \/>\n\t<meta property=\"og:image:type\" content=\"image\/png\" \/>\n<meta name=\"twitter:card\" content=\"summary_large_image\" \/>\n<meta name=\"twitter:label1\" content=\"Est. reading time\" \/>\n\t<meta name=\"twitter:data1\" content=\"4 minutes\" \/>\n<script type=\"application\/ld+json\" class=\"yoast-schema-graph\">{\"@context\":\"https:\\\/\\\/schema.org\",\"@graph\":[{\"@type\":\"WebPage\",\"@id\":\"https:\\\/\\\/atraari.com\\\/product\\\/jersey-premium-beige-vanilla\\\/\",\"url\":\"https:\\\/\\\/atraari.com\\\/product\\\/jersey-premium-beige-vanilla\\\/\",\"name\":\"Hijab Jersey Beige Vanille - Sobri\u00e9t\u00e9 et Raffinement - atraari.com\",\"isPartOf\":{\"@id\":\"https:\\\/\\\/atraari.com\\\/#website\"},\"primaryImageOfPage\":{\"@id\":\"https:\\\/\\\/atraari.com\\\/product\\\/jersey-premium-beige-vanilla\\\/#primaryimage\"},\"image\":{\"@id\":\"https:\\\/\\\/atraari.com\\\/product\\\/jersey-premium-beige-vanilla\\\/#primaryimage\"},\"thumbnailUrl\":\"https:\\\/\\\/i0.wp.com\\\/atraari.com\\\/wp-content\\\/uploads\\\/2025\\\/08\\\/27.png?fit=1024%2C1536&ssl=1\",\"datePublished\":\"2024-05-22T18:16:04+00:00\",\"dateModified\":\"2025-08-16T00:35:35+00:00\",\"description\":\"Optez pour la sobri\u00e9t\u00e9 avec notre hijab jersey beige vanille. Ce foulard premium est id\u00e9al pour un look raffin\u00e9 et \u00e9l\u00e9gant, adapt\u00e9 \u00e0 toutes les occasions.\",\"breadcrumb\":{\"@id\":\"https:\\\/\\\/atraari.com\\\/product\\\/jersey-premium-beige-vanilla\\\/#breadcrumb\"},\"inLanguage\":\"en-US\",\"potentialAction\":[{\"@type\":\"ReadAction\",\"target\":[\"https:\\\/\\\/atraari.com\\\/product\\\/jersey-premium-beige-vanilla\\\/\"]}]},{\"@type\":\"ImageObject\",\"inLanguage\":\"en-US\",\"@id\":\"https:\\\/\\\/atraari.com\\\/product\\\/jersey-premium-beige-vanilla\\\/#primaryimage\",\"url\":\"https:\\\/\\\/i0.wp.com\\\/atraari.com\\\/wp-content\\\/uploads\\\/2025\\\/08\\\/27.png?fit=1024%2C1536&ssl=1\",\"contentUrl\":\"https:\\\/\\\/i0.wp.com\\\/atraari.com\\\/wp-content\\\/uploads\\\/2025\\\/08\\\/27.png?fit=1024%2C1536&ssl=1\",\"width\":1024,\"height\":1536},{\"@type\":\"BreadcrumbList\",\"@id\":\"https:\\\/\\\/atraari.com\\\/product\\\/jersey-premium-beige-vanilla\\\/#breadcrumb\",\"itemListElement\":[{\"@type\":\"ListItem\",\"position\":1,\"name\":\"Accueil\",\"item\":\"https:\\\/\\\/atraari.com\\\/\"},{\"@type\":\"ListItem\",\"position\":2,\"name\":\"JERSEY PREMIUM\",\"item\":\"https:\\\/\\\/atraari.com\\\/shop\\\/\"},{\"@type\":\"ListItem\",\"position\":3,\"name\":\"JERSEY PREMIUM &#8211; BEIGE VANILLE\"}]},{\"@type\":\"WebSite\",\"@id\":\"https:\\\/\\\/atraari.com\\\/#website\",\"url\":\"https:\\\/\\\/atraari.com\\\/\",\"name\":\"ATRAARI\",\"description\":\"Be Brave, Be Modest\",\"publisher\":{\"@id\":\"https:\\\/\\\/atraari.com\\\/#organization\"},\"alternateName\":\"atraari.com\",\"potentialAction\":[{\"@type\":\"SearchAction\",\"target\":{\"@type\":\"EntryPoint\",\"urlTemplate\":\"https:\\\/\\\/atraari.com\\\/?s={search_term_string}\"},\"query-input\":{\"@type\":\"PropertyValueSpecification\",\"valueRequired\":true,\"valueName\":\"search_term_string\"}}],\"inLanguage\":\"en-US\"},{\"@type\":\"Organization\",\"@id\":\"https:\\\/\\\/atraari.com\\\/#organization\",\"name\":\"ATRAARI\",\"url\":\"https:\\\/\\\/atraari.com\\\/\",\"logo\":{\"@type\":\"ImageObject\",\"inLanguage\":\"en-US\",\"@id\":\"https:\\\/\\\/atraari.com\\\/#\\\/schema\\\/logo\\\/image\\\/\",\"url\":\"https:\\\/\\\/atraari.com\\\/wp-content\\\/uploads\\\/2024\\\/05\\\/cropped-logo-vierkant-wit-1.png\",\"contentUrl\":\"https:\\\/\\\/atraari.com\\\/wp-content\\\/uploads\\\/2024\\\/05\\\/cropped-logo-vierkant-wit-1.png\",\"width\":512,\"height\":512,\"caption\":\"ATRAARI\"},\"image\":{\"@id\":\"https:\\\/\\\/atraari.com\\\/#\\\/schema\\\/logo\\\/image\\\/\"},\"sameAs\":[\"https:\\\/\\\/www.instagram.com\\\/atraari_\\\/\",\"https:\\\/\\\/www.tiktok.com\\\/@atraari\"]}]}<\/script>\n<!-- \/ Yoast SEO plugin. -->","yoast_head_json":{"title":"Hijab Jersey Beige Vanille - Sobri\u00e9t\u00e9 et Raffinement - atraari.com","description":"Optez pour la sobri\u00e9t\u00e9 avec notre hijab jersey beige vanille. Ce foulard premium est id\u00e9al pour un look raffin\u00e9 et \u00e9l\u00e9gant, adapt\u00e9 \u00e0 toutes les occasions.","robots":{"index":"index","follow":"follow","max-snippet":"max-snippet:-1","max-image-preview":"max-image-preview:large","max-video-preview":"max-video-preview:-1"},"canonical":"https:\/\/atraari.com\/en\/product\/jersey-premium-beige-vanilla\/","og_locale":"en_US","og_type":"article","og_title":"Hijab Jersey Beige Vanille - Sobri\u00e9t\u00e9 et Raffinement - atraari.com","og_description":"Optez pour la sobri\u00e9t\u00e9 avec notre hijab jersey beige vanille. Ce foulard premium est id\u00e9al pour un look raffin\u00e9 et \u00e9l\u00e9gant, adapt\u00e9 \u00e0 toutes les occasions.","og_url":"https:\/\/atraari.com\/en\/product\/jersey-premium-beige-vanilla\/","og_site_name":"atraari.com","article_modified_time":"2025-08-16T00:35:35+00:00","og_image":[{"width":1024,"height":1536,"url":"https:\/\/atraari.com\/wp-content\/uploads\/2025\/08\/27.png","type":"image\/png"}],"twitter_card":"summary_large_image","twitter_misc":{"Est. reading time":"4 minutes"},"schema":{"@context":"https:\/\/schema.org","@graph":[{"@type":"WebPage","@id":"https:\/\/atraari.com\/product\/jersey-premium-beige-vanilla\/","url":"https:\/\/atraari.com\/product\/jersey-premium-beige-vanilla\/","name":"Hijab Jersey Beige Vanille - Sobri\u00e9t\u00e9 et Raffinement - atraari.com","isPartOf":{"@id":"https:\/\/atraari.com\/#website"},"primaryImageOfPage":{"@id":"https:\/\/atraari.com\/product\/jersey-premium-beige-vanilla\/#primaryimage"},"image":{"@id":"https:\/\/atraari.com\/product\/jersey-premium-beige-vanilla\/#primaryimage"},"thumbnailUrl":"https:\/\/i0.wp.com\/atraari.com\/wp-content\/uploads\/2025\/08\/27.png?fit=1024%2C1536&ssl=1","datePublished":"2024-05-22T18:16:04+00:00","dateModified":"2025-08-16T00:35:35+00:00","description":"Optez pour la sobri\u00e9t\u00e9 avec notre hijab jersey beige vanille. Ce foulard premium est id\u00e9al pour un look raffin\u00e9 et \u00e9l\u00e9gant, adapt\u00e9 \u00e0 toutes les occasions.","breadcrumb":{"@id":"https:\/\/atraari.com\/product\/jersey-premium-beige-vanilla\/#breadcrumb"},"inLanguage":"en-US","potentialAction":[{"@type":"ReadAction","target":["https:\/\/atraari.com\/product\/jersey-premium-beige-vanilla\/"]}]},{"@type":"ImageObject","inLanguage":"en-US","@id":"https:\/\/atraari.com\/product\/jersey-premium-beige-vanilla\/#primaryimage","url":"https:\/\/i0.wp.com\/atraari.com\/wp-content\/uploads\/2025\/08\/27.png?fit=1024%2C1536&ssl=1","contentUrl":"https:\/\/i0.wp.com\/atraari.com\/wp-content\/uploads\/2025\/08\/27.png?fit=1024%2C1536&ssl=1","width":1024,"height":1536},{"@type":"BreadcrumbList","@id":"https:\/\/atraari.com\/product\/jersey-premium-beige-vanilla\/#breadcrumb","itemListElement":[{"@type":"ListItem","position":1,"name":"Accueil","item":"https:\/\/atraari.com\/"},{"@type":"ListItem","position":2,"name":"JERSEY PREMIUM","item":"https:\/\/atraari.com\/shop\/"},{"@type":"ListItem","position":3,"name":"JERSEY PREMIUM &#8211; BEIGE VANILLE"}]},{"@type":"WebSite","@id":"https:\/\/atraari.com\/#website","url":"https:\/\/atraari.com\/","name":"ATRAARI","description":"Be Brave, Be Modest","publisher":{"@id":"https:\/\/atraari.com\/#organization"},"alternateName":"atraari.com","potentialAction":[{"@type":"SearchAction","target":{"@type":"EntryPoint","urlTemplate":"https:\/\/atraari.com\/?s={search_term_string}"},"query-input":{"@type":"PropertyValueSpecification","valueRequired":true,"valueName":"search_term_string"}}],"inLanguage":"en-US"},{"@type":"Organization","@id":"https:\/\/atraari.com\/#organization","name":"ATRAARI","url":"https:\/\/atraari.com\/","logo":{"@type":"ImageObject","inLanguage":"en-US","@id":"https:\/\/atraari.com\/#\/schema\/logo\/image\/","url":"https:\/\/atraari.com\/wp-content\/uploads\/2024\/05\/cropped-logo-vierkant-wit-1.png","contentUrl":"https:\/\/atraari.com\/wp-content\/uploads\/2024\/05\/cropped-logo-vierkant-wit-1.png","width":512,"height":512,"caption":"ATRAARI"},"image":{"@id":"https:\/\/atraari.com\/#\/schema\/logo\/image\/"},"sameAs":["https:\/\/www.instagram.com\/atraari_\/","https:\/\/www.tiktok.com\/@atraari"]}]}},"jetpack_sharing_enabled":true,"_links":{"self":[{"href":"https:\/\/atraari.com\/en\/wp-json\/wp\/v2\/product\/491","targetHints":{"allow":["GET"]}}],"collection":[{"href":"https:\/\/atraari.com\/en\/wp-json\/wp\/v2\/product"}],"about":[{"href":"https:\/\/atraari.com\/en\/wp-json\/wp\/v2\/types\/product"}],"wp:featuredmedia":[{"embeddable":true,"href":"https:\/\/atraari.com\/en\/wp-json\/wp\/v2\/media\/2275"}],"wp:attachment":[{"href":"https:\/\/atraari.com\/en\/wp-json\/wp\/v2\/media?parent=491"}],"wp:term":[{"taxonomy":"product_brand","embeddable":true,"href":"https:\/\/atraari.com\/en\/wp-json\/wp\/v2\/product_brand?post=491"},{"taxonomy":"product_cat","embeddable":true,"href":"https:\/\/atraari.com\/en\/wp-json\/wp\/v2\/product_cat?post=491"},{"taxonomy":"product_tag","embeddable":true,"href":"https:\/\/atraari.com\/en\/wp-json\/wp\/v2\/product_tag?post=491"}],"curies":[{"name":"wp","href":"https:\/\/api.w.org\/{rel}","templated":true}]}}