{"id":487,"date":"2024-05-22T20:03:16","date_gmt":"2024-05-22T18:03:16","guid":{"rendered":"https:\/\/atraari.com\/?post_type=product&#038;p=487"},"modified":"2025-08-16T02:20:17","modified_gmt":"2025-08-16T00:20:17","slug":"jersey-premium-chocolat-noir","status":"publish","type":"product","link":"https:\/\/atraari.com\/en\/product\/jersey-premium-chocolat-noir\/","title":{"rendered":"JERSEY PREMIUM &#8211; CHOCOLAT NOIR"},"content":{"rendered":"","protected":false},"excerpt":{"rendered":"<p>D\u00e9couvrez confort et \u00e9l\u00e9gance avec nos \u00e9charpes en jersey premium ATRAARI. Douces et respirantes, elles offrent un drap\u00e9 superbe et des styles polyvalents dans des couleurs intemporelles, alliant luxe et praticit\u00e9.<\/p>\n<p>&nbsp;<\/p>\n<ul>\n<li>95% Polyester, 5% Spandex<\/li>\n<li>Taille: 180x75cm<\/li>\n<li>Laver \u00e0 30 degr\u00e9s<\/li>\n<li>\u00c9vitez s\u00e9chage au s\u00e8che-linge<\/li>\n<\/ul>","protected":false},"featured_media":2260,"template":"","meta":{"_et_pb_use_builder":"","_et_pb_old_content":"","_et_gb_content_width":""},"product_brand":[],"product_cat":[21],"product_tag":[],"class_list":{"0":"post-487","1":"product","2":"type-product","3":"status-publish","4":"has-post-thumbnail","6":"product_cat-premium-jersey","8":"first","9":"instock","10":"shipping-taxable","11":"purchasable","12":"product-type-simple"},"yoast_head":"<!-- This site is optimized with the Yoast SEO plugin v27.4 - https:\/\/yoast.com\/product\/yoast-seo-wordpress\/ -->\n<title>JERSEY PREMIUM - CHOCOLAT NOIR - atraari.com<\/title>\n<meta name=\"description\" content=\"Ajoutez de la profondeur \u00e0 votre style avec notre hijab jersey chocolat noir. Ce foulard premium est con\u00e7u pour offrir confort et \u00e9l\u00e9gance au quotidien.\" \/>\n<meta name=\"robots\" content=\"index, follow, max-snippet:-1, max-image-preview:large, max-video-preview:-1\" \/>\n<link rel=\"canonical\" href=\"https:\/\/atraari.com\/en\/product\/jersey-premium-chocolat-noir\/\" \/>\n<meta property=\"og:locale\" content=\"en_US\" \/>\n<meta property=\"og:type\" content=\"article\" \/>\n<meta property=\"og:title\" content=\"JERSEY PREMIUM - CHOCOLAT NOIR - atraari.com\" \/>\n<meta property=\"og:description\" content=\"Ajoutez de la profondeur \u00e0 votre style avec notre hijab jersey chocolat noir. Ce foulard premium est con\u00e7u pour offrir confort et \u00e9l\u00e9gance au quotidien.\" \/>\n<meta property=\"og:url\" content=\"https:\/\/atraari.com\/en\/product\/jersey-premium-chocolat-noir\/\" \/>\n<meta property=\"og:site_name\" content=\"atraari.com\" \/>\n<meta property=\"article:modified_time\" content=\"2025-08-16T00:20:17+00:00\" \/>\n<meta property=\"og:image\" content=\"https:\/\/atraari.com\/wp-content\/uploads\/2025\/08\/12-1-683x1024.png\" \/>\n\t<meta property=\"og:image:width\" content=\"683\" \/>\n\t<meta property=\"og:image:height\" content=\"1024\" \/>\n\t<meta property=\"og:image:type\" content=\"image\/png\" \/>\n<meta name=\"twitter:card\" content=\"summary_large_image\" \/>\n<meta name=\"twitter:label1\" content=\"Est. reading time\" \/>\n\t<meta name=\"twitter:data1\" content=\"1 minute\" \/>\n<script type=\"application\/ld+json\" class=\"yoast-schema-graph\">{\"@context\":\"https:\\\/\\\/schema.org\",\"@graph\":[{\"@type\":\"WebPage\",\"@id\":\"https:\\\/\\\/atraari.com\\\/product\\\/jersey-premium-chocolat-noir\\\/\",\"url\":\"https:\\\/\\\/atraari.com\\\/product\\\/jersey-premium-chocolat-noir\\\/\",\"name\":\"JERSEY PREMIUM - CHOCOLAT NOIR - atraari.com\",\"isPartOf\":{\"@id\":\"https:\\\/\\\/atraari.com\\\/#website\"},\"primaryImageOfPage\":{\"@id\":\"https:\\\/\\\/atraari.com\\\/product\\\/jersey-premium-chocolat-noir\\\/#primaryimage\"},\"image\":{\"@id\":\"https:\\\/\\\/atraari.com\\\/product\\\/jersey-premium-chocolat-noir\\\/#primaryimage\"},\"thumbnailUrl\":\"https:\\\/\\\/i0.wp.com\\\/atraari.com\\\/wp-content\\\/uploads\\\/2025\\\/08\\\/12-1.png?fit=1024%2C1536&ssl=1\",\"datePublished\":\"2024-05-22T18:03:16+00:00\",\"dateModified\":\"2025-08-16T00:20:17+00:00\",\"description\":\"Ajoutez de la profondeur \u00e0 votre style avec notre hijab jersey chocolat noir. Ce foulard premium est con\u00e7u pour offrir confort et \u00e9l\u00e9gance au quotidien.\",\"breadcrumb\":{\"@id\":\"https:\\\/\\\/atraari.com\\\/product\\\/jersey-premium-chocolat-noir\\\/#breadcrumb\"},\"inLanguage\":\"en-US\",\"potentialAction\":[{\"@type\":\"ReadAction\",\"target\":[\"https:\\\/\\\/atraari.com\\\/product\\\/jersey-premium-chocolat-noir\\\/\"]}]},{\"@type\":\"ImageObject\",\"inLanguage\":\"en-US\",\"@id\":\"https:\\\/\\\/atraari.com\\\/product\\\/jersey-premium-chocolat-noir\\\/#primaryimage\",\"url\":\"https:\\\/\\\/i0.wp.com\\\/atraari.com\\\/wp-content\\\/uploads\\\/2025\\\/08\\\/12-1.png?fit=1024%2C1536&ssl=1\",\"contentUrl\":\"https:\\\/\\\/i0.wp.com\\\/atraari.com\\\/wp-content\\\/uploads\\\/2025\\\/08\\\/12-1.png?fit=1024%2C1536&ssl=1\",\"width\":1024,\"height\":1536},{\"@type\":\"BreadcrumbList\",\"@id\":\"https:\\\/\\\/atraari.com\\\/product\\\/jersey-premium-chocolat-noir\\\/#breadcrumb\",\"itemListElement\":[{\"@type\":\"ListItem\",\"position\":1,\"name\":\"Accueil\",\"item\":\"https:\\\/\\\/atraari.com\\\/\"},{\"@type\":\"ListItem\",\"position\":2,\"name\":\"JERSEY PREMIUM\",\"item\":\"https:\\\/\\\/atraari.com\\\/shop\\\/\"},{\"@type\":\"ListItem\",\"position\":3,\"name\":\"JERSEY PREMIUM &#8211; CHOCOLAT NOIR\"}]},{\"@type\":\"WebSite\",\"@id\":\"https:\\\/\\\/atraari.com\\\/#website\",\"url\":\"https:\\\/\\\/atraari.com\\\/\",\"name\":\"ATRAARI\",\"description\":\"Be Brave, Be Modest\",\"publisher\":{\"@id\":\"https:\\\/\\\/atraari.com\\\/#organization\"},\"alternateName\":\"atraari.com\",\"potentialAction\":[{\"@type\":\"SearchAction\",\"target\":{\"@type\":\"EntryPoint\",\"urlTemplate\":\"https:\\\/\\\/atraari.com\\\/?s={search_term_string}\"},\"query-input\":{\"@type\":\"PropertyValueSpecification\",\"valueRequired\":true,\"valueName\":\"search_term_string\"}}],\"inLanguage\":\"en-US\"},{\"@type\":\"Organization\",\"@id\":\"https:\\\/\\\/atraari.com\\\/#organization\",\"name\":\"ATRAARI\",\"url\":\"https:\\\/\\\/atraari.com\\\/\",\"logo\":{\"@type\":\"ImageObject\",\"inLanguage\":\"en-US\",\"@id\":\"https:\\\/\\\/atraari.com\\\/#\\\/schema\\\/logo\\\/image\\\/\",\"url\":\"https:\\\/\\\/atraari.com\\\/wp-content\\\/uploads\\\/2024\\\/05\\\/cropped-logo-vierkant-wit-1.png\",\"contentUrl\":\"https:\\\/\\\/atraari.com\\\/wp-content\\\/uploads\\\/2024\\\/05\\\/cropped-logo-vierkant-wit-1.png\",\"width\":512,\"height\":512,\"caption\":\"ATRAARI\"},\"image\":{\"@id\":\"https:\\\/\\\/atraari.com\\\/#\\\/schema\\\/logo\\\/image\\\/\"},\"sameAs\":[\"https:\\\/\\\/www.instagram.com\\\/atraari_\\\/\",\"https:\\\/\\\/www.tiktok.com\\\/@atraari\"]}]}<\/script>\n<!-- \/ Yoast SEO plugin. -->","yoast_head_json":{"title":"JERSEY PREMIUM - CHOCOLAT NOIR - atraari.com","description":"Ajoutez de la profondeur \u00e0 votre style avec notre hijab jersey chocolat noir. Ce foulard premium est con\u00e7u pour offrir confort et \u00e9l\u00e9gance au quotidien.","robots":{"index":"index","follow":"follow","max-snippet":"max-snippet:-1","max-image-preview":"max-image-preview:large","max-video-preview":"max-video-preview:-1"},"canonical":"https:\/\/atraari.com\/en\/product\/jersey-premium-chocolat-noir\/","og_locale":"en_US","og_type":"article","og_title":"JERSEY PREMIUM - CHOCOLAT NOIR - atraari.com","og_description":"Ajoutez de la profondeur \u00e0 votre style avec notre hijab jersey chocolat noir. Ce foulard premium est con\u00e7u pour offrir confort et \u00e9l\u00e9gance au quotidien.","og_url":"https:\/\/atraari.com\/en\/product\/jersey-premium-chocolat-noir\/","og_site_name":"atraari.com","article_modified_time":"2025-08-16T00:20:17+00:00","og_image":[{"width":683,"height":1024,"url":"https:\/\/atraari.com\/wp-content\/uploads\/2025\/08\/12-1-683x1024.png","type":"image\/png"}],"twitter_card":"summary_large_image","twitter_misc":{"Est. reading time":"1 minute"},"schema":{"@context":"https:\/\/schema.org","@graph":[{"@type":"WebPage","@id":"https:\/\/atraari.com\/product\/jersey-premium-chocolat-noir\/","url":"https:\/\/atraari.com\/product\/jersey-premium-chocolat-noir\/","name":"JERSEY PREMIUM - CHOCOLAT NOIR - atraari.com","isPartOf":{"@id":"https:\/\/atraari.com\/#website"},"primaryImageOfPage":{"@id":"https:\/\/atraari.com\/product\/jersey-premium-chocolat-noir\/#primaryimage"},"image":{"@id":"https:\/\/atraari.com\/product\/jersey-premium-chocolat-noir\/#primaryimage"},"thumbnailUrl":"https:\/\/i0.wp.com\/atraari.com\/wp-content\/uploads\/2025\/08\/12-1.png?fit=1024%2C1536&ssl=1","datePublished":"2024-05-22T18:03:16+00:00","dateModified":"2025-08-16T00:20:17+00:00","description":"Ajoutez de la profondeur \u00e0 votre style avec notre hijab jersey chocolat noir. Ce foulard premium est con\u00e7u pour offrir confort et \u00e9l\u00e9gance au quotidien.","breadcrumb":{"@id":"https:\/\/atraari.com\/product\/jersey-premium-chocolat-noir\/#breadcrumb"},"inLanguage":"en-US","potentialAction":[{"@type":"ReadAction","target":["https:\/\/atraari.com\/product\/jersey-premium-chocolat-noir\/"]}]},{"@type":"ImageObject","inLanguage":"en-US","@id":"https:\/\/atraari.com\/product\/jersey-premium-chocolat-noir\/#primaryimage","url":"https:\/\/i0.wp.com\/atraari.com\/wp-content\/uploads\/2025\/08\/12-1.png?fit=1024%2C1536&ssl=1","contentUrl":"https:\/\/i0.wp.com\/atraari.com\/wp-content\/uploads\/2025\/08\/12-1.png?fit=1024%2C1536&ssl=1","width":1024,"height":1536},{"@type":"BreadcrumbList","@id":"https:\/\/atraari.com\/product\/jersey-premium-chocolat-noir\/#breadcrumb","itemListElement":[{"@type":"ListItem","position":1,"name":"Accueil","item":"https:\/\/atraari.com\/"},{"@type":"ListItem","position":2,"name":"JERSEY PREMIUM","item":"https:\/\/atraari.com\/shop\/"},{"@type":"ListItem","position":3,"name":"JERSEY PREMIUM &#8211; CHOCOLAT NOIR"}]},{"@type":"WebSite","@id":"https:\/\/atraari.com\/#website","url":"https:\/\/atraari.com\/","name":"ATRAARI","description":"Be Brave, Be Modest","publisher":{"@id":"https:\/\/atraari.com\/#organization"},"alternateName":"atraari.com","potentialAction":[{"@type":"SearchAction","target":{"@type":"EntryPoint","urlTemplate":"https:\/\/atraari.com\/?s={search_term_string}"},"query-input":{"@type":"PropertyValueSpecification","valueRequired":true,"valueName":"search_term_string"}}],"inLanguage":"en-US"},{"@type":"Organization","@id":"https:\/\/atraari.com\/#organization","name":"ATRAARI","url":"https:\/\/atraari.com\/","logo":{"@type":"ImageObject","inLanguage":"en-US","@id":"https:\/\/atraari.com\/#\/schema\/logo\/image\/","url":"https:\/\/atraari.com\/wp-content\/uploads\/2024\/05\/cropped-logo-vierkant-wit-1.png","contentUrl":"https:\/\/atraari.com\/wp-content\/uploads\/2024\/05\/cropped-logo-vierkant-wit-1.png","width":512,"height":512,"caption":"ATRAARI"},"image":{"@id":"https:\/\/atraari.com\/#\/schema\/logo\/image\/"},"sameAs":["https:\/\/www.instagram.com\/atraari_\/","https:\/\/www.tiktok.com\/@atraari"]}]}},"jetpack_sharing_enabled":true,"_links":{"self":[{"href":"https:\/\/atraari.com\/en\/wp-json\/wp\/v2\/product\/487","targetHints":{"allow":["GET"]}}],"collection":[{"href":"https:\/\/atraari.com\/en\/wp-json\/wp\/v2\/product"}],"about":[{"href":"https:\/\/atraari.com\/en\/wp-json\/wp\/v2\/types\/product"}],"wp:featuredmedia":[{"embeddable":true,"href":"https:\/\/atraari.com\/en\/wp-json\/wp\/v2\/media\/2260"}],"wp:attachment":[{"href":"https:\/\/atraari.com\/en\/wp-json\/wp\/v2\/media?parent=487"}],"wp:term":[{"taxonomy":"product_brand","embeddable":true,"href":"https:\/\/atraari.com\/en\/wp-json\/wp\/v2\/product_brand?post=487"},{"taxonomy":"product_cat","embeddable":true,"href":"https:\/\/atraari.com\/en\/wp-json\/wp\/v2\/product_cat?post=487"},{"taxonomy":"product_tag","embeddable":true,"href":"https:\/\/atraari.com\/en\/wp-json\/wp\/v2\/product_tag?post=487"}],"curies":[{"name":"wp","href":"https:\/\/api.w.org\/{rel}","templated":true}]}}