{"id":834,"date":"2024-06-13T18:28:25","date_gmt":"2024-06-13T16:28:25","guid":{"rendered":"https:\/\/atraari.com\/?page_id=834"},"modified":"2024-06-20T17:17:01","modified_gmt":"2024-06-20T15:17:01","slug":"politique-de-retour","status":"publish","type":"page","link":"https:\/\/atraari.com\/en\/politique-de-retour\/","title":{"rendered":"Politique de retour"},"content":{"rendered":"<p>[et_pb_section fb_built=\u00a0\u00bb1&Prime; _builder_version=\u00a0\u00bb4.21.0&Prime; _module_preset=\u00a0\u00bbdefault\u00a0\u00bb global_colors_info=\u00a0\u00bb{}\u00a0\u00bb][et_pb_row _builder_version=\u00a0\u00bb4.21.0&Prime; _module_preset=\u00a0\u00bbdefault\u00a0\u00bb global_colors_info=\u00a0\u00bb{}\u00a0\u00bb][et_pb_column type=\u00a0\u00bb4_4&Prime; _builder_version=\u00a0\u00bb4.21.0&Prime; _module_preset=\u00a0\u00bbdefault\u00a0\u00bb global_colors_info=\u00a0\u00bb{}\u00a0\u00bb][et_pb_text _builder_version=\u00a0\u00bb4.21.0&Prime; _module_preset=\u00a0\u00bbdefault\u00a0\u00bb hover_enabled=\u00a0\u00bb0&Prime; global_colors_info=\u00a0\u00bb{}\u00a0\u00bb text_font=\u00a0\u00bb|300|||||||\u00a0\u00bb sticky_enabled=\u00a0\u00bb0&Prime;]<\/p>\n<h3><strong>Politique de Retour<\/strong><\/h3>\n<p>&nbsp;<\/p>\n<p>Nous vous remercions de votre int\u00e9r\u00eat pour nos produits sur ATRAARI. Actuellement, nous travaillons activement pour mettre en place une politique de retour et d&rsquo;\u00e9change. Pour le moment, les \u00e9changes et les retours ne sont pas disponibles. Nous nous engageons \u00e0 vous offrir une exp\u00e9rience d&rsquo;achat satisfaisante et nous vous tiendrons inform\u00e9s d\u00e8s que ces services seront disponibles.<\/p>\n<p>En attendant, n&rsquo;h\u00e9sitez pas \u00e0 nous contacter \u00e0 <a rel=\"noreferrer\">contact@atraari.com<\/a> pour toute question ou assistance suppl\u00e9mentaire. Besoin d&rsquo;aide ? Contactez-nous et nous serons heureux de vous aider.<\/p>\n<p>Merci pour votre compr\u00e9hension et votre patience.<\/p>\n<p>Cordialement,<\/p>\n<p>L&rsquo;\u00e9quipe ATRAARI \ud83d\udda4<\/p>\n<p>[\/et_pb_text][\/et_pb_column][\/et_pb_row][\/et_pb_section]<\/p>\n","protected":false},"excerpt":{"rendered":"<p>Politique de Retour &nbsp; Nous vous remercions de votre int\u00e9r\u00eat pour nos produits sur ATRAARI. Actuellement, nous travaillons activement pour mettre en place une politique de retour et d&rsquo;\u00e9change. Pour le moment, les \u00e9changes et les retours ne sont pas disponibles. Nous nous engageons \u00e0 vous offrir une exp\u00e9rience d&rsquo;achat satisfaisante et nous vous tiendrons [&hellip;]<\/p>\n","protected":false},"author":1,"featured_media":0,"parent":0,"menu_order":0,"comment_status":"closed","ping_status":"closed","template":"","meta":{"_et_pb_use_builder":"on","_et_pb_old_content":"","_et_gb_content_width":"","footnotes":""},"class_list":["post-834","page","type-page","status-publish","hentry"],"yoast_head":"<!-- This site is optimized with the Yoast SEO plugin v27.4 - https:\/\/yoast.com\/product\/yoast-seo-wordpress\/ -->\n<title>Politique de Retour - ATRAARI<\/title>\n<meta name=\"description\" content=\"D\u00e9couvrez notre Politique de Retour chez ATRAARI. Informations sur les conditions de retour, \u00e9changes et remboursements pour votre tranquillit\u00e9 d&#039;esprit.\" \/>\n<meta name=\"robots\" content=\"index, follow, max-snippet:-1, max-image-preview:large, max-video-preview:-1\" \/>\n<link rel=\"canonical\" href=\"https:\/\/atraari.com\/en\/politique-de-retour\/\" \/>\n<meta property=\"og:locale\" content=\"en_US\" \/>\n<meta property=\"og:type\" content=\"article\" \/>\n<meta property=\"og:title\" content=\"Politique de Retour - ATRAARI\" \/>\n<meta property=\"og:description\" content=\"D\u00e9couvrez notre Politique de Retour chez ATRAARI. Informations sur les conditions de retour, \u00e9changes et remboursements pour votre tranquillit\u00e9 d&#039;esprit.\" \/>\n<meta property=\"og:url\" content=\"https:\/\/atraari.com\/en\/politique-de-retour\/\" \/>\n<meta property=\"og:site_name\" content=\"atraari.com\" \/>\n<meta property=\"article:modified_time\" content=\"2024-06-20T15:17:01+00:00\" \/>\n<meta name=\"twitter:card\" content=\"summary_large_image\" \/>\n<meta name=\"twitter:label1\" content=\"Est. reading time\" \/>\n\t<meta name=\"twitter:data1\" content=\"3 minutes\" \/>\n<script type=\"application\/ld+json\" class=\"yoast-schema-graph\">{\"@context\":\"https:\\\/\\\/schema.org\",\"@graph\":[{\"@type\":\"WebPage\",\"@id\":\"https:\\\/\\\/atraari.com\\\/politique-de-retour\\\/\",\"url\":\"https:\\\/\\\/atraari.com\\\/politique-de-retour\\\/\",\"name\":\"Politique de Retour - ATRAARI\",\"isPartOf\":{\"@id\":\"https:\\\/\\\/atraari.com\\\/#website\"},\"datePublished\":\"2024-06-13T16:28:25+00:00\",\"dateModified\":\"2024-06-20T15:17:01+00:00\",\"description\":\"D\u00e9couvrez notre Politique de Retour chez ATRAARI. Informations sur les conditions de retour, \u00e9changes et remboursements pour votre tranquillit\u00e9 d'esprit.\",\"breadcrumb\":{\"@id\":\"https:\\\/\\\/atraari.com\\\/politique-de-retour\\\/#breadcrumb\"},\"inLanguage\":\"en-US\",\"potentialAction\":[{\"@type\":\"ReadAction\",\"target\":[\"https:\\\/\\\/atraari.com\\\/politique-de-retour\\\/\"]}]},{\"@type\":\"BreadcrumbList\",\"@id\":\"https:\\\/\\\/atraari.com\\\/politique-de-retour\\\/#breadcrumb\",\"itemListElement\":[{\"@type\":\"ListItem\",\"position\":1,\"name\":\"Accueil\",\"item\":\"https:\\\/\\\/atraari.com\\\/\"},{\"@type\":\"ListItem\",\"position\":2,\"name\":\"Politique de retour\"}]},{\"@type\":\"WebSite\",\"@id\":\"https:\\\/\\\/atraari.com\\\/#website\",\"url\":\"https:\\\/\\\/atraari.com\\\/\",\"name\":\"ATRAARI\",\"description\":\"Be Brave, Be Modest\",\"publisher\":{\"@id\":\"https:\\\/\\\/atraari.com\\\/#organization\"},\"alternateName\":\"atraari.com\",\"potentialAction\":[{\"@type\":\"SearchAction\",\"target\":{\"@type\":\"EntryPoint\",\"urlTemplate\":\"https:\\\/\\\/atraari.com\\\/?s={search_term_string}\"},\"query-input\":{\"@type\":\"PropertyValueSpecification\",\"valueRequired\":true,\"valueName\":\"search_term_string\"}}],\"inLanguage\":\"en-US\"},{\"@type\":\"Organization\",\"@id\":\"https:\\\/\\\/atraari.com\\\/#organization\",\"name\":\"ATRAARI\",\"url\":\"https:\\\/\\\/atraari.com\\\/\",\"logo\":{\"@type\":\"ImageObject\",\"inLanguage\":\"en-US\",\"@id\":\"https:\\\/\\\/atraari.com\\\/#\\\/schema\\\/logo\\\/image\\\/\",\"url\":\"https:\\\/\\\/atraari.com\\\/wp-content\\\/uploads\\\/2024\\\/05\\\/cropped-logo-vierkant-wit-1.png\",\"contentUrl\":\"https:\\\/\\\/atraari.com\\\/wp-content\\\/uploads\\\/2024\\\/05\\\/cropped-logo-vierkant-wit-1.png\",\"width\":512,\"height\":512,\"caption\":\"ATRAARI\"},\"image\":{\"@id\":\"https:\\\/\\\/atraari.com\\\/#\\\/schema\\\/logo\\\/image\\\/\"},\"sameAs\":[\"https:\\\/\\\/www.instagram.com\\\/atraari_\\\/\",\"https:\\\/\\\/www.tiktok.com\\\/@atraari\"]}]}<\/script>\n<!-- \/ Yoast SEO plugin. -->","yoast_head_json":{"title":"Politique de Retour - ATRAARI","description":"D\u00e9couvrez notre Politique de Retour chez ATRAARI. Informations sur les conditions de retour, \u00e9changes et remboursements pour votre tranquillit\u00e9 d'esprit.","robots":{"index":"index","follow":"follow","max-snippet":"max-snippet:-1","max-image-preview":"max-image-preview:large","max-video-preview":"max-video-preview:-1"},"canonical":"https:\/\/atraari.com\/en\/politique-de-retour\/","og_locale":"en_US","og_type":"article","og_title":"Politique de Retour - ATRAARI","og_description":"D\u00e9couvrez notre Politique de Retour chez ATRAARI. Informations sur les conditions de retour, \u00e9changes et remboursements pour votre tranquillit\u00e9 d'esprit.","og_url":"https:\/\/atraari.com\/en\/politique-de-retour\/","og_site_name":"atraari.com","article_modified_time":"2024-06-20T15:17:01+00:00","twitter_card":"summary_large_image","twitter_misc":{"Est. reading time":"3 minutes"},"schema":{"@context":"https:\/\/schema.org","@graph":[{"@type":"WebPage","@id":"https:\/\/atraari.com\/politique-de-retour\/","url":"https:\/\/atraari.com\/politique-de-retour\/","name":"Politique de Retour - ATRAARI","isPartOf":{"@id":"https:\/\/atraari.com\/#website"},"datePublished":"2024-06-13T16:28:25+00:00","dateModified":"2024-06-20T15:17:01+00:00","description":"D\u00e9couvrez notre Politique de Retour chez ATRAARI. Informations sur les conditions de retour, \u00e9changes et remboursements pour votre tranquillit\u00e9 d'esprit.","breadcrumb":{"@id":"https:\/\/atraari.com\/politique-de-retour\/#breadcrumb"},"inLanguage":"en-US","potentialAction":[{"@type":"ReadAction","target":["https:\/\/atraari.com\/politique-de-retour\/"]}]},{"@type":"BreadcrumbList","@id":"https:\/\/atraari.com\/politique-de-retour\/#breadcrumb","itemListElement":[{"@type":"ListItem","position":1,"name":"Accueil","item":"https:\/\/atraari.com\/"},{"@type":"ListItem","position":2,"name":"Politique de retour"}]},{"@type":"WebSite","@id":"https:\/\/atraari.com\/#website","url":"https:\/\/atraari.com\/","name":"ATRAARI","description":"Be Brave, Be Modest","publisher":{"@id":"https:\/\/atraari.com\/#organization"},"alternateName":"atraari.com","potentialAction":[{"@type":"SearchAction","target":{"@type":"EntryPoint","urlTemplate":"https:\/\/atraari.com\/?s={search_term_string}"},"query-input":{"@type":"PropertyValueSpecification","valueRequired":true,"valueName":"search_term_string"}}],"inLanguage":"en-US"},{"@type":"Organization","@id":"https:\/\/atraari.com\/#organization","name":"ATRAARI","url":"https:\/\/atraari.com\/","logo":{"@type":"ImageObject","inLanguage":"en-US","@id":"https:\/\/atraari.com\/#\/schema\/logo\/image\/","url":"https:\/\/atraari.com\/wp-content\/uploads\/2024\/05\/cropped-logo-vierkant-wit-1.png","contentUrl":"https:\/\/atraari.com\/wp-content\/uploads\/2024\/05\/cropped-logo-vierkant-wit-1.png","width":512,"height":512,"caption":"ATRAARI"},"image":{"@id":"https:\/\/atraari.com\/#\/schema\/logo\/image\/"},"sameAs":["https:\/\/www.instagram.com\/atraari_\/","https:\/\/www.tiktok.com\/@atraari"]}]}},"jetpack_sharing_enabled":true,"_links":{"self":[{"href":"https:\/\/atraari.com\/en\/wp-json\/wp\/v2\/pages\/834","targetHints":{"allow":["GET"]}}],"collection":[{"href":"https:\/\/atraari.com\/en\/wp-json\/wp\/v2\/pages"}],"about":[{"href":"https:\/\/atraari.com\/en\/wp-json\/wp\/v2\/types\/page"}],"author":[{"embeddable":true,"href":"https:\/\/atraari.com\/en\/wp-json\/wp\/v2\/users\/1"}],"replies":[{"embeddable":true,"href":"https:\/\/atraari.com\/en\/wp-json\/wp\/v2\/comments?post=834"}],"version-history":[{"count":10,"href":"https:\/\/atraari.com\/en\/wp-json\/wp\/v2\/pages\/834\/revisions"}],"predecessor-version":[{"id":1169,"href":"https:\/\/atraari.com\/en\/wp-json\/wp\/v2\/pages\/834\/revisions\/1169"}],"wp:attachment":[{"href":"https:\/\/atraari.com\/en\/wp-json\/wp\/v2\/media?parent=834"}],"curies":[{"name":"wp","href":"https:\/\/api.w.org\/{rel}","templated":true}]}}