{"id":810,"date":"2024-06-13T17:01:28","date_gmt":"2024-06-13T15:01:28","guid":{"rendered":"https:\/\/atraari.com\/?page_id=810"},"modified":"2024-06-20T16:52:32","modified_gmt":"2024-06-20T14:52:32","slug":"c-g-v","status":"publish","type":"page","link":"https:\/\/atraari.com\/en\/c-g-v\/","title":{"rendered":"C.G.V."},"content":{"rendered":"<p>[et_pb_section fb_built=\u00a0\u00bb1&Prime; _builder_version=\u00a0\u00bb4.21.0&Prime; _module_preset=\u00a0\u00bbdefault\u00a0\u00bb global_colors_info=\u00a0\u00bb{}\u00a0\u00bb][et_pb_row _builder_version=\u00a0\u00bb4.21.0&Prime; _module_preset=\u00a0\u00bbdefault\u00a0\u00bb global_colors_info=\u00a0\u00bb{}\u00a0\u00bb][et_pb_column type=\u00a0\u00bb4_4&Prime; _builder_version=\u00a0\u00bb4.21.0&Prime; _module_preset=\u00a0\u00bbdefault\u00a0\u00bb global_colors_info=\u00a0\u00bb{}\u00a0\u00bb][et_pb_text _builder_version=\u00a0\u00bb4.21.0&Prime; _module_preset=\u00a0\u00bbdefault\u00a0\u00bb header_font=\u00a0\u00bb|||on|||||\u00a0\u00bb header_font_size=\u00a0\u00bb25px\u00a0\u00bb header_2_font_size=\u00a0\u00bb22px\u00a0\u00bb hover_enabled=\u00a0\u00bb0&Prime; global_colors_info=\u00a0\u00bb{}\u00a0\u00bb text_font_size_last_edited=\u00a0\u00bbon|phone\u00a0\u00bb text_font_size_phone=\u00a0\u00bb11px\u00a0\u00bb header_2_font_size_last_edited=\u00a0\u00bbon|phone\u00a0\u00bb header_2_font_size_phone=\u00a0\u00bb18px\u00a0\u00bb header_font_size_last_edited=\u00a0\u00bbon|phone\u00a0\u00bb header_font_size_phone=\u00a0\u00bb20px\u00a0\u00bb sticky_enabled=\u00a0\u00bb0&Prime; header_2_font_size_tablet=\u00a0\u00bb22px\u00a0\u00bb header_font_size_tablet=\u00a0\u00bb25px\u00a0\u00bb]<\/p>\n<div class=\"flex-shrink-0 flex flex-col relative items-end\"><\/div>\n<div class=\"flex-shrink-0 flex flex-col relative items-end\">\n<div>\n<div class=\"pt-0.5 juice:pt-0\">\n<div class=\"gizmo-bot-avatar flex h-6 w-6 items-center justify-center overflow-hidden rounded-full juice:h-8 juice:w-8\">\n<div class=\"relative p-1 rounded-sm flex items-center justify-center bg-token-main-surface-primary text-token-text-primary h-8 w-8\"><\/div>\n<\/div>\n<\/div>\n<\/div>\n<\/div>\n<div class=\"group\/conversation-turn relative flex w-full min-w-0 flex-col agent-turn\">\n<div class=\"flex-col gap-1 md:gap-3\">\n<div class=\"flex flex-grow flex-col max-w-full\">\n<div class=\"min-h-[20px] text-message flex flex-col items-start whitespace-pre-wrap break-words [.text-message+&amp;]:mt-5 juice:w-full juice:items-end overflow-x-auto gap-2\" dir=\"auto\" data-message-author-role=\"assistant\" data-message-id=\"a28d7a21-71f8-41a1-991f-463aa222cc02\">\n<div class=\"flex w-full flex-col gap-1 juice:empty:hidden juice:first:pt-[3px]\">\n<div class=\"markdown prose w-full break-words dark:prose-invert light\">\n<h1>Conditions G\u00e9n\u00e9rales de Vente &amp; Mentions l\u00e9gales<\/h1>\n<hr \/>\n<h1><\/h1>\n<h2>Pr\u00e9ambule<\/h2>\n<p>Les pr\u00e9sentes conditions g\u00e9n\u00e9rales de vente (CGV) s&rsquo;appliquent \u00e0 toutes les commandes pass\u00e9es sur le site internet <a href=\"http:\/\/www.atraari.com\" target=\"_new\" rel=\"noreferrer noopener\">www.atraari.com<\/a>, \u00e9dit\u00e9 par ATRAARI, entrepreneur individuel, immatricul\u00e9 sous le num\u00e9ro SIRET [924872641000015], dont l&rsquo;adresse est 50 RUE PIERRE WALDECK ROUSSEAU 13300 SALON DE PROVENCE.<\/p>\n<p>En passant commande sur le site <a href=\"http:\/\/www.atraari.com\" target=\"_new\" rel=\"noreferrer noopener\">www.atraari.com<\/a>, le client accepte sans r\u00e9serve les pr\u00e9sentes conditions g\u00e9n\u00e9rales de vente.<\/p>\n<p>&nbsp;<\/p>\n<h2>1. Produits<\/h2>\n<p>Les produits propos\u00e9s \u00e0 la vente sont ceux qui figurent sur le site <a href=\"http:\/\/www.atraari.com\" target=\"_new\" rel=\"noreferrer noopener\">www.atraari.com<\/a> au jour de la consultation du site par l&rsquo;utilisateur, dans la limite des stocks disponibles. ATRAARI se r\u00e9serve le droit de modifier \u00e0 tout moment l&rsquo;assortiment de produits.<\/p>\n<p>&nbsp;<\/p>\n<h2>2. Prix<\/h2>\n<p>Les prix des produits sont indiqu\u00e9s en euros, toutes taxes comprises (TTC), hors frais de livraison. ATRAARI se r\u00e9serve le droit de modifier ses prix \u00e0 tout moment, mais les produits seront factur\u00e9s sur la base des tarifs en vigueur au moment de l&rsquo;enregistrement de la commande, sous r\u00e9serve de disponibilit\u00e9.<\/p>\n<p>&nbsp;<\/p>\n<h2>3. Commande<\/h2>\n<p>Le client passe commande sur le site internet <a href=\"http:\/\/www.atraari.com\" target=\"_new\" rel=\"noreferrer noopener\">www.atraari.com<\/a>. Pour acheter un ou plusieurs articles, il doit suivre le processus de commande en ligne et cliquer sur \u00ab\u00a0Commander\u00a0\u00bb pour valider sa commande.<\/p>\n<p>&nbsp;<\/p>\n<h2>4. Validation de la Commande<\/h2>\n<p>Toute commande pass\u00e9e sur le site <a href=\"http:\/\/www.atraari.com\" target=\"_new\" rel=\"noreferrer noopener\">www.atraari.com<\/a> fera l&rsquo;objet d&rsquo;une confirmation par e-mail. La vente ne sera consid\u00e9r\u00e9e comme d\u00e9finitive qu&rsquo;apr\u00e8s l&rsquo;envoi de cette confirmation de commande par ATRAARI et encaissement du montant total de la commande.<\/p>\n<p>&nbsp;<\/p>\n<h2>5. Paiement<\/h2>\n<p>Le paiement est exigible imm\u00e9diatement \u00e0 la commande. Le client peut effectuer le r\u00e8glement par un service de paiement s\u00e9curis\u00e9 (ex : Stripe). ATRAARI se r\u00e9serve le droit de suspendre toute gestion de commande et toute livraison en cas de refus d&rsquo;autorisation de paiement de la part des organismes officiellement accr\u00e9dit\u00e9s ou en cas de non-paiement.<\/p>\n<p>&nbsp;<\/p>\n<h2>6. Livraison<\/h2>\n<p>Les produits sont livr\u00e9s \u00e0 l&rsquo;adresse de livraison indiqu\u00e9e par le client au cours du processus de commande. Les d\u00e9lais de livraison indiqu\u00e9s sont des d\u00e9lais moyens habituels et correspondent aux d\u00e9lais de traitement et de livraison. ATRAARI ne pourra \u00eatre tenue responsable des cons\u00e9quences dues \u00e0 un retard de livraison.<\/p>\n<p>&nbsp;<\/p>\n<h2>7. Droit de R\u00e9tractation<\/h2>\n<p>Conform\u00e9ment \u00e0 l&rsquo;article L. 221-18 du Code de la consommation, le client dispose d&rsquo;un d\u00e9lai de 14 jours pour exercer son droit de r\u00e9tractation sans avoir \u00e0 justifier de motifs ni \u00e0 payer de p\u00e9nalit\u00e9s. Le d\u00e9lai court \u00e0 compter de la r\u00e9ception des biens. Pour exercer ce droit, le client doit notifier sa d\u00e9cision de r\u00e9tractation par une d\u00e9claration claire par e-mail \u00e0 <a href=\"mailto:contact@atraari.com\">contact@atraari.com<\/a><\/p>\n<p><span style=\"font-size: 14px;\">\u00a0<\/span><\/p>\n<h2>8. Retour et Remboursement<\/h2>\n<p>Les produits doivent \u00eatre retourn\u00e9s dans leur \u00e9tat d&rsquo;origine et complets (emballage, accessoires, notice) permettant leur recommercialisation \u00e0 l&rsquo;\u00e9tat neuf, accompagn\u00e9s de la facture d&rsquo;achat. Les frais de retour sont \u00e0 la charge du client. En cas d&rsquo;exercice du droit de r\u00e9tractation, ATRAARI remboursera les sommes vers\u00e9es, frais de livraison inclus (\u00e0 l&rsquo;exception des frais suppl\u00e9mentaires d\u00e9coulant du fait que le client a choisi un mode de livraison autre que le mode moins co\u00fbteux de livraison standard propos\u00e9 par ATRAARI) au plus tard dans les 14 jours suivant la date \u00e0 laquelle ATRAARI est inform\u00e9e de la d\u00e9cision du client de se r\u00e9tracter.<\/p>\n<p>&nbsp;<\/p>\n<h2>9. Garantie<\/h2>\n<p>Tous les produits fournis par ATRAARI b\u00e9n\u00e9ficient de la garantie l\u00e9gale de conformit\u00e9 pr\u00e9vue par les articles L. 217-4 et suivants du Code de la consommation et de la garantie contre les vices cach\u00e9s pr\u00e9vue par les articles 1641 et suivants du Code civil. En cas de non-conformit\u00e9 d&rsquo;un produit vendu, il pourra \u00eatre retourn\u00e9, \u00e9chang\u00e9 ou rembours\u00e9.<\/p>\n<p>&nbsp;<\/p>\n<h2>10. Responsabilit\u00e9<\/h2>\n<p>ATRAARI, dans le processus de vente en ligne, n&rsquo;est tenue que par une obligation de moyens ; sa responsabilit\u00e9 ne pourra \u00eatre engag\u00e9e pour un dommage r\u00e9sultant de l&rsquo;utilisation du r\u00e9seau internet tel que perte de donn\u00e9es, intrusion, virus, rupture du service, ou autres probl\u00e8mes involontaires.<\/p>\n<p>&nbsp;<\/p>\n<h2>11. Propri\u00e9t\u00e9 Intellectuelle<\/h2>\n<p>Tous les \u00e9l\u00e9ments du site <a href=\"http:\/\/www.atraari.com\" target=\"_new\" rel=\"noreferrer noopener\">www.atraari.com<\/a> sont et restent la propri\u00e9t\u00e9 intellectuelle et exclusive de ATRAARI. Nul n&rsquo;est autoris\u00e9 \u00e0 reproduire, exploiter, rediffuser, ou utiliser \u00e0 quelque titre que ce soit, m\u00eame partiellement, des \u00e9l\u00e9ments du site qu&rsquo;ils soient logiciels, visuels ou sonores.<\/p>\n<p>&nbsp;<\/p>\n<h2>12. Donn\u00e9es Personnelles<\/h2>\n<p>ATRAARI se r\u00e9serve le droit de collecter les informations nominatives et les donn\u00e9es personnelles du client. Elles sont n\u00e9cessaires \u00e0 la gestion de la commande, ainsi qu&rsquo;\u00e0 l&rsquo;am\u00e9lioration des services et des informations adress\u00e9es au client. Elles peuvent aussi \u00eatre transmises aux soci\u00e9t\u00e9s qui contribuent \u00e0 ces relations, telles que celles charg\u00e9es de l&rsquo;ex\u00e9cution des services et commandes pour leur gestion, ex\u00e9cution, traitement et paiement.<\/p>\n<p>&nbsp;<\/p>\n<h2>13. Litiges<\/h2>\n<p>Les pr\u00e9sentes conditions g\u00e9n\u00e9rales de vente sont soumises \u00e0 la loi fran\u00e7aise. En cas de litige, le client s&rsquo;adressera par priorit\u00e9 \u00e0 ATRAARI pour obtenir une solution amiable. \u00c0 d\u00e9faut, les tribunaux fran\u00e7ais seront seuls comp\u00e9tents.<\/p>\n<p>&nbsp;<\/p>\n<h2>14. M\u00e9diation<\/h2>\n<p>Conform\u00e9ment \u00e0 l&rsquo;article L. 612-1 du Code de la consommation, le consommateur a le droit de recourir gratuitement \u00e0 un m\u00e9diateur de la consommation en vue de la r\u00e9solution amiable du litige qui l&rsquo;oppose \u00e0 un professionnel. Le m\u00e9diateur de la consommation comp\u00e9tent est : [Nom du m\u00e9diateur], [Coordonn\u00e9es du m\u00e9diateur].<\/p>\n<p>&nbsp;<\/p>\n<h3>Mentions l\u00e9gales<\/h3>\n<p>&nbsp;<\/p>\n<h4>Informations l\u00e9gales<\/h4>\n<p><strong>Propri\u00e9taire du site :<\/strong><br \/>ATRAARI<br \/>50 Rue Pierre Waldeck Rousseau<br \/>13300 Salon De Provence<br \/>France<\/p>\n<p><strong>Directeur de la publication :<\/strong><br \/>ATRAARI<br \/>Email :<span>\u00a0<\/span><a rel=\"noreferrer\">contact@atraari.com<\/a><\/p>\n<p><strong>Cr\u00e9ateur et D\u00e9veloppeur :<\/strong><br \/>ATRAARI<\/p>\n<p><strong>Webmaster :<\/strong><br \/>Email :<span>\u00a0<\/span><a rel=\"noreferrer\">contact@atraari.com<\/a><\/p>\n<h4>H\u00e9bergement<\/h4>\n<p><strong>H\u00e9bergeur :<\/strong><br \/>Hostinger International Ltd.<br \/>61 Lordou Vironos Street,<br \/>6023 Larnaca,<br \/>Chypre<\/p>\n<h4>Propri\u00e9t\u00e9 intellectuelle<\/h4>\n<p>Le site Atraari.com et chacun des \u00e9l\u00e9ments qui le composent, notamment les textes, images, vid\u00e9os, photographies, logos, marques, graphismes, fichiers, sont la propri\u00e9t\u00e9 exclusive d\u2019ATRAARI ou de ses partenaires. Toute reproduction, distribution, modification, adaptation, retransmission ou publication, m\u00eame partielle, de ces diff\u00e9rents \u00e9l\u00e9ments est strictement interdite sans l\u2019accord expr\u00e8s par \u00e9crit d\u2019ATRAARI. Cette repr\u00e9sentation ou reproduction, par quelque proc\u00e9d\u00e9 que ce soit, constitue une contrefa\u00e7on sanctionn\u00e9e par les articles L.335-2 et suivants du Code de la propri\u00e9t\u00e9 intellectuelle.<\/p>\n<h4>Donn\u00e9es personnelles<\/h4>\n<p>Les informations recueillies sur le site Atraari.com sont destin\u00e9es \u00e0 ATRAARI. Elles font l\u2019objet d\u2019un traitement informatique destin\u00e9 \u00e0 la gestion de notre client\u00e8le et \u00e0 la r\u00e9alisation de statistiques. Conform\u00e9ment \u00e0 la loi \u00ab\u00a0Informatique et Libert\u00e9s\u00a0\u00bb du 6 janvier 1978 modifi\u00e9e en 2004, vous b\u00e9n\u00e9ficiez d\u2019un droit d\u2019acc\u00e8s et de rectification aux informations qui vous concernent, que vous pouvez exercer en vous adressant \u00e0 :<span>\u00a0<\/span><a rel=\"noreferrer\">contact@atraari.com<\/a>.<\/p>\n<h4>Conditions g\u00e9n\u00e9rales d\u2019utilisation<\/h4>\n<p>L\u2019utilisation du site Atraari.com implique l\u2019acceptation pleine et enti\u00e8re des conditions g\u00e9n\u00e9rales d\u2019utilisation d\u00e9crites ci-apr\u00e8s. Ces conditions d\u2019utilisation sont susceptibles d\u2019\u00eatre modifi\u00e9es ou compl\u00e9t\u00e9es \u00e0 tout moment, les utilisateurs du site Atraari.com sont donc invit\u00e9s \u00e0 les consulter de mani\u00e8re r\u00e9guli\u00e8re.<\/p>\n<h4>Limitation de responsabilit\u00e9<\/h4>\n<p>ATRAARI s\u2019efforce d\u2019assurer au mieux de ses possibilit\u00e9s, l\u2019exactitude et la mise \u00e0 jour des informations diffus\u00e9es sur le site Atraari.com. Toutefois, ATRAARI d\u00e9cline toute responsabilit\u00e9 en cas d\u2019erreur, d\u2019inexactitude ou d\u2019omission dans ces informations.<\/p>\n<h4>M\u00e9diation<\/h4>\n<p>En cas de litige relatif \u00e0 l\u2019utilisation du site, vous pouvez recourir \u00e0 une proc\u00e9dure de m\u00e9diation ou tout autre mode alternatif de r\u00e8glement des diff\u00e9rends.<\/p>\n<\/div>\n<\/div>\n<\/div>\n<\/div>\n<\/div>\n<\/div>\n<p>[\/et_pb_text][\/et_pb_column][\/et_pb_row][\/et_pb_section]<\/p>\n","protected":false},"excerpt":{"rendered":"<p>Conditions G\u00e9n\u00e9rales de Vente &amp; Mentions l\u00e9gales Pr\u00e9ambule Les pr\u00e9sentes conditions g\u00e9n\u00e9rales de vente (CGV) s&rsquo;appliquent \u00e0 toutes les commandes pass\u00e9es sur le site internet www.atraari.com, \u00e9dit\u00e9 par ATRAARI, entrepreneur individuel, immatricul\u00e9 sous le num\u00e9ro SIRET [924872641000015], dont l&rsquo;adresse est 50 RUE PIERRE WALDECK ROUSSEAU 13300 SALON DE PROVENCE. En passant commande sur le site [&hellip;]<\/p>\n","protected":false},"author":1,"featured_media":0,"parent":0,"menu_order":0,"comment_status":"closed","ping_status":"closed","template":"","meta":{"_et_pb_use_builder":"on","_et_pb_old_content":"","_et_gb_content_width":"","footnotes":""},"class_list":["post-810","page","type-page","status-publish","hentry"],"yoast_head":"<!-- This site is optimized with the Yoast SEO plugin v27.4 - https:\/\/yoast.com\/product\/yoast-seo-wordpress\/ -->\n<title>Conditions G\u00e9n\u00e9rales de Vente - ATRAARI<\/title>\n<meta name=\"description\" content=\"Consultez les Conditions G\u00e9n\u00e9rales de Vente chez ATRAARI pour conna\u00eetre nos politiques de vente, livraison, retours et plus encore.\" \/>\n<meta name=\"robots\" content=\"index, follow, max-snippet:-1, max-image-preview:large, max-video-preview:-1\" \/>\n<link rel=\"canonical\" href=\"https:\/\/atraari.com\/en\/c-g-v\/\" \/>\n<meta property=\"og:locale\" content=\"en_US\" \/>\n<meta property=\"og:type\" content=\"article\" \/>\n<meta property=\"og:title\" content=\"Conditions G\u00e9n\u00e9rales de Vente - ATRAARI\" \/>\n<meta property=\"og:description\" content=\"Consultez les Conditions G\u00e9n\u00e9rales de Vente chez ATRAARI pour conna\u00eetre nos politiques de vente, livraison, retours et plus encore.\" \/>\n<meta property=\"og:url\" content=\"https:\/\/atraari.com\/en\/c-g-v\/\" \/>\n<meta property=\"og:site_name\" content=\"atraari.com\" \/>\n<meta property=\"article:modified_time\" content=\"2024-06-20T14:52:32+00:00\" \/>\n<meta name=\"twitter:card\" content=\"summary_large_image\" \/>\n<meta name=\"twitter:label1\" content=\"Est. reading time\" \/>\n\t<meta name=\"twitter:data1\" content=\"5 minutes\" \/>\n<script type=\"application\/ld+json\" class=\"yoast-schema-graph\">{\"@context\":\"https:\\\/\\\/schema.org\",\"@graph\":[{\"@type\":\"WebPage\",\"@id\":\"https:\\\/\\\/atraari.com\\\/c-g-v\\\/\",\"url\":\"https:\\\/\\\/atraari.com\\\/c-g-v\\\/\",\"name\":\"Conditions G\u00e9n\u00e9rales de Vente - ATRAARI\",\"isPartOf\":{\"@id\":\"https:\\\/\\\/atraari.com\\\/#website\"},\"datePublished\":\"2024-06-13T15:01:28+00:00\",\"dateModified\":\"2024-06-20T14:52:32+00:00\",\"description\":\"Consultez les Conditions G\u00e9n\u00e9rales de Vente chez ATRAARI pour conna\u00eetre nos politiques de vente, livraison, retours et plus encore.\",\"breadcrumb\":{\"@id\":\"https:\\\/\\\/atraari.com\\\/c-g-v\\\/#breadcrumb\"},\"inLanguage\":\"en-US\",\"potentialAction\":[{\"@type\":\"ReadAction\",\"target\":[\"https:\\\/\\\/atraari.com\\\/c-g-v\\\/\"]}]},{\"@type\":\"BreadcrumbList\",\"@id\":\"https:\\\/\\\/atraari.com\\\/c-g-v\\\/#breadcrumb\",\"itemListElement\":[{\"@type\":\"ListItem\",\"position\":1,\"name\":\"Accueil\",\"item\":\"https:\\\/\\\/atraari.com\\\/\"},{\"@type\":\"ListItem\",\"position\":2,\"name\":\"C.G.V.\"}]},{\"@type\":\"WebSite\",\"@id\":\"https:\\\/\\\/atraari.com\\\/#website\",\"url\":\"https:\\\/\\\/atraari.com\\\/\",\"name\":\"ATRAARI\",\"description\":\"Be Brave, Be Modest\",\"publisher\":{\"@id\":\"https:\\\/\\\/atraari.com\\\/#organization\"},\"alternateName\":\"atraari.com\",\"potentialAction\":[{\"@type\":\"SearchAction\",\"target\":{\"@type\":\"EntryPoint\",\"urlTemplate\":\"https:\\\/\\\/atraari.com\\\/?s={search_term_string}\"},\"query-input\":{\"@type\":\"PropertyValueSpecification\",\"valueRequired\":true,\"valueName\":\"search_term_string\"}}],\"inLanguage\":\"en-US\"},{\"@type\":\"Organization\",\"@id\":\"https:\\\/\\\/atraari.com\\\/#organization\",\"name\":\"ATRAARI\",\"url\":\"https:\\\/\\\/atraari.com\\\/\",\"logo\":{\"@type\":\"ImageObject\",\"inLanguage\":\"en-US\",\"@id\":\"https:\\\/\\\/atraari.com\\\/#\\\/schema\\\/logo\\\/image\\\/\",\"url\":\"https:\\\/\\\/atraari.com\\\/wp-content\\\/uploads\\\/2024\\\/05\\\/cropped-logo-vierkant-wit-1.png\",\"contentUrl\":\"https:\\\/\\\/atraari.com\\\/wp-content\\\/uploads\\\/2024\\\/05\\\/cropped-logo-vierkant-wit-1.png\",\"width\":512,\"height\":512,\"caption\":\"ATRAARI\"},\"image\":{\"@id\":\"https:\\\/\\\/atraari.com\\\/#\\\/schema\\\/logo\\\/image\\\/\"},\"sameAs\":[\"https:\\\/\\\/www.instagram.com\\\/atraari_\\\/\",\"https:\\\/\\\/www.tiktok.com\\\/@atraari\"]}]}<\/script>\n<!-- \/ Yoast SEO plugin. -->","yoast_head_json":{"title":"Conditions G\u00e9n\u00e9rales de Vente - ATRAARI","description":"Consultez les Conditions G\u00e9n\u00e9rales de Vente chez ATRAARI pour conna\u00eetre nos politiques de vente, livraison, retours et plus encore.","robots":{"index":"index","follow":"follow","max-snippet":"max-snippet:-1","max-image-preview":"max-image-preview:large","max-video-preview":"max-video-preview:-1"},"canonical":"https:\/\/atraari.com\/en\/c-g-v\/","og_locale":"en_US","og_type":"article","og_title":"Conditions G\u00e9n\u00e9rales de Vente - ATRAARI","og_description":"Consultez les Conditions G\u00e9n\u00e9rales de Vente chez ATRAARI pour conna\u00eetre nos politiques de vente, livraison, retours et plus encore.","og_url":"https:\/\/atraari.com\/en\/c-g-v\/","og_site_name":"atraari.com","article_modified_time":"2024-06-20T14:52:32+00:00","twitter_card":"summary_large_image","twitter_misc":{"Est. reading time":"5 minutes"},"schema":{"@context":"https:\/\/schema.org","@graph":[{"@type":"WebPage","@id":"https:\/\/atraari.com\/c-g-v\/","url":"https:\/\/atraari.com\/c-g-v\/","name":"Conditions G\u00e9n\u00e9rales de Vente - ATRAARI","isPartOf":{"@id":"https:\/\/atraari.com\/#website"},"datePublished":"2024-06-13T15:01:28+00:00","dateModified":"2024-06-20T14:52:32+00:00","description":"Consultez les Conditions G\u00e9n\u00e9rales de Vente chez ATRAARI pour conna\u00eetre nos politiques de vente, livraison, retours et plus encore.","breadcrumb":{"@id":"https:\/\/atraari.com\/c-g-v\/#breadcrumb"},"inLanguage":"en-US","potentialAction":[{"@type":"ReadAction","target":["https:\/\/atraari.com\/c-g-v\/"]}]},{"@type":"BreadcrumbList","@id":"https:\/\/atraari.com\/c-g-v\/#breadcrumb","itemListElement":[{"@type":"ListItem","position":1,"name":"Accueil","item":"https:\/\/atraari.com\/"},{"@type":"ListItem","position":2,"name":"C.G.V."}]},{"@type":"WebSite","@id":"https:\/\/atraari.com\/#website","url":"https:\/\/atraari.com\/","name":"ATRAARI","description":"Be Brave, Be Modest","publisher":{"@id":"https:\/\/atraari.com\/#organization"},"alternateName":"atraari.com","potentialAction":[{"@type":"SearchAction","target":{"@type":"EntryPoint","urlTemplate":"https:\/\/atraari.com\/?s={search_term_string}"},"query-input":{"@type":"PropertyValueSpecification","valueRequired":true,"valueName":"search_term_string"}}],"inLanguage":"en-US"},{"@type":"Organization","@id":"https:\/\/atraari.com\/#organization","name":"ATRAARI","url":"https:\/\/atraari.com\/","logo":{"@type":"ImageObject","inLanguage":"en-US","@id":"https:\/\/atraari.com\/#\/schema\/logo\/image\/","url":"https:\/\/atraari.com\/wp-content\/uploads\/2024\/05\/cropped-logo-vierkant-wit-1.png","contentUrl":"https:\/\/atraari.com\/wp-content\/uploads\/2024\/05\/cropped-logo-vierkant-wit-1.png","width":512,"height":512,"caption":"ATRAARI"},"image":{"@id":"https:\/\/atraari.com\/#\/schema\/logo\/image\/"},"sameAs":["https:\/\/www.instagram.com\/atraari_\/","https:\/\/www.tiktok.com\/@atraari"]}]}},"jetpack_sharing_enabled":true,"_links":{"self":[{"href":"https:\/\/atraari.com\/en\/wp-json\/wp\/v2\/pages\/810","targetHints":{"allow":["GET"]}}],"collection":[{"href":"https:\/\/atraari.com\/en\/wp-json\/wp\/v2\/pages"}],"about":[{"href":"https:\/\/atraari.com\/en\/wp-json\/wp\/v2\/types\/page"}],"author":[{"embeddable":true,"href":"https:\/\/atraari.com\/en\/wp-json\/wp\/v2\/users\/1"}],"replies":[{"embeddable":true,"href":"https:\/\/atraari.com\/en\/wp-json\/wp\/v2\/comments?post=810"}],"version-history":[{"count":12,"href":"https:\/\/atraari.com\/en\/wp-json\/wp\/v2\/pages\/810\/revisions"}],"predecessor-version":[{"id":1164,"href":"https:\/\/atraari.com\/en\/wp-json\/wp\/v2\/pages\/810\/revisions\/1164"}],"wp:attachment":[{"href":"https:\/\/atraari.com\/en\/wp-json\/wp\/v2\/media?parent=810"}],"curies":[{"name":"wp","href":"https:\/\/api.w.org\/{rel}","templated":true}]}}