{"id":515,"date":"2024-06-07T15:08:04","date_gmt":"2024-06-07T13:08:04","guid":{"rendered":"https:\/\/atraari.com\/?page_id=515"},"modified":"2025-08-12T14:50:00","modified_gmt":"2025-08-12T12:50:00","slug":"marque","status":"publish","type":"page","link":"https:\/\/atraari.com\/en\/marque\/","title":{"rendered":"ABOUT US"},"content":{"rendered":"<p>[et_pb_section fb_built=\u00a0\u00bb1&Prime; disabled_on=\u00a0\u00bbon|on|off\u00a0\u00bb _builder_version=\u00a0\u00bb4.21.0&Prime; _module_preset=\u00a0\u00bbdefault\u00a0\u00bb custom_padding=\u00a0\u00bb0px||0px||true|false\u00a0\u00bb da_disable_devices=\u00a0\u00bboff|off|off\u00a0\u00bb global_colors_info=\u00a0\u00bb{}\u00a0\u00bb da_is_popup=\u00a0\u00bboff\u00a0\u00bb da_exit_intent=\u00a0\u00bboff\u00a0\u00bb da_has_close=\u00a0\u00bbon\u00a0\u00bb da_alt_close=\u00a0\u00bboff\u00a0\u00bb da_dark_close=\u00a0\u00bboff\u00a0\u00bb da_not_modal=\u00a0\u00bbon\u00a0\u00bb da_is_singular=\u00a0\u00bboff\u00a0\u00bb da_with_loader=\u00a0\u00bboff\u00a0\u00bb da_has_shadow=\u00a0\u00bbon\u00a0\u00bb][et_pb_row column_structure=\u00a0\u00bb1_2,1_2&Prime; _builder_version=\u00a0\u00bb4.21.0&Prime; _module_preset=\u00a0\u00bbdefault\u00a0\u00bb width=\u00a0\u00bb100%\u00a0\u00bb max_width=\u00a0\u00bb2560px\u00a0\u00bb custom_padding=\u00a0\u00bb0px||0px||false|false\u00a0\u00bb global_colors_info=\u00a0\u00bb{}\u00a0\u00bb][et_pb_column type=\u00a0\u00bb1_2&Prime; _builder_version=\u00a0\u00bb4.21.0&Prime; _module_preset=\u00a0\u00bbdefault\u00a0\u00bb global_colors_info=\u00a0\u00bb{}\u00a0\u00bb][et_pb_image src=\u00a0\u00bbhttps:\/\/atraari.com\/wp-content\/uploads\/2025\/08\/5797DED1-5D7F-46AD-99B7-B0A82DE2B72A.png\u00a0\u00bb alt=\u00a0\u00bbModal wearing premium jersey hijab in blanc pur\u00a0\u00bb title_text=\u00a0\u00bb5797DED1-5D7F-46AD-99B7-B0A82DE2B72A\u00a0\u00bb _builder_version=\u00a0\u00bb4.21.0&Prime; _module_preset=\u00a0\u00bbdefault\u00a0\u00bb hover_enabled=\u00a0\u00bb0&Prime; global_colors_info=\u00a0\u00bb{}\u00a0\u00bb sticky_enabled=\u00a0\u00bb0&Prime;][\/et_pb_image][\/et_pb_column][et_pb_column type=\u00a0\u00bb1_2&Prime; _builder_version=\u00a0\u00bb4.21.0&Prime; _module_preset=\u00a0\u00bbdefault\u00a0\u00bb global_colors_info=\u00a0\u00bb{}\u00a0\u00bb][et_pb_text _builder_version=\u00a0\u00bb4.21.0&Prime; _module_preset=\u00a0\u00bbdefault\u00a0\u00bb text_font=\u00a0\u00bb|||on|||||\u00a0\u00bb text_letter_spacing=\u00a0\u00bb1px\u00a0\u00bb text_line_height=\u00a0\u00bb2em\u00a0\u00bb custom_padding=\u00a0\u00bb0px||0px||false|false\u00a0\u00bb hover_enabled=\u00a0\u00bb0&Prime; text_font_size_tablet=\u00a0\u00bb\u00a0\u00bb text_font_size_phone=\u00a0\u00bb12px\u00a0\u00bb text_font_size_last_edited=\u00a0\u00bbon|phone\u00a0\u00bb global_colors_info=\u00a0\u00bb{}\u00a0\u00bb sticky_enabled=\u00a0\u00bb0&Prime;]<\/p>\n<p data-start=\"72\" data-end=\"367\">As the founder of <strong><a href=\"atraari.com\">ATRAARI<\/a><\/strong>,<br \/>I\u2019ve personally experienced what it feels like to start wearing the hijab;<br \/>the mix of doubt, the search for style, and the journey to confidence.<br \/>This personal path inspired me to create a space where modesty is better<br \/>represented, valued, and more accessible to all.<\/p>\n<p data-start=\"369\" data-end=\"550\">Our collections feature hijabs<br \/>made from two luxurious fabrics, offering both comfort and elegance:<br \/><strong>premium jersey<\/strong>, soft and sculpting, and <strong>modal jersey<\/strong>, lightweight and breathable.<\/p>\n<p data-start=\"552\" data-end=\"737\" data-is-last-node=\"\" data-is-only-node=\"\">ATRAARI is founded on the belief that modesty is an act of bravery.<br \/>In a world where modesty is often misunderstood, we celebrate women who stay true to themselves with pride and style.<\/p>\n<p>&nbsp;<\/p>\n<p>[\/et_pb_text][\/et_pb_column][\/et_pb_row][\/et_pb_section][et_pb_section fb_built=\u00a0\u00bb1&Prime; disabled_on=\u00a0\u00bboff|off|on\u00a0\u00bb _builder_version=\u00a0\u00bb4.21.0&Prime; _module_preset=\u00a0\u00bbdefault\u00a0\u00bb custom_padding=\u00a0\u00bb0px||0px||true|false\u00a0\u00bb da_disable_devices=\u00a0\u00bboff|off|off\u00a0\u00bb global_colors_info=\u00a0\u00bb{}\u00a0\u00bb da_is_popup=\u00a0\u00bboff\u00a0\u00bb da_exit_intent=\u00a0\u00bboff\u00a0\u00bb da_has_close=\u00a0\u00bbon\u00a0\u00bb da_alt_close=\u00a0\u00bboff\u00a0\u00bb da_dark_close=\u00a0\u00bboff\u00a0\u00bb da_not_modal=\u00a0\u00bbon\u00a0\u00bb da_is_singular=\u00a0\u00bboff\u00a0\u00bb da_with_loader=\u00a0\u00bboff\u00a0\u00bb da_has_shadow=\u00a0\u00bbon\u00a0\u00bb][et_pb_row _builder_version=\u00a0\u00bb4.21.0&Prime; _module_preset=\u00a0\u00bbdefault\u00a0\u00bb width=\u00a0\u00bb100%\u00a0\u00bb max_width=\u00a0\u00bb2560px\u00a0\u00bb custom_padding=\u00a0\u00bb0px||0px||false|false\u00a0\u00bb global_colors_info=\u00a0\u00bb{}\u00a0\u00bb][et_pb_column type=\u00a0\u00bb4_4&Prime; _builder_version=\u00a0\u00bb4.21.0&Prime; _module_preset=\u00a0\u00bbdefault\u00a0\u00bb global_colors_info=\u00a0\u00bb{}\u00a0\u00bb][et_pb_image src=\u00a0\u00bbhttps:\/\/atraari.com\/wp-content\/uploads\/2025\/08\/5797DED1-5D7F-46AD-99B7-B0A82DE2B72A.png\u00a0\u00bb alt=\u00a0\u00bbModal wearing premium jersey hijab in blanc pur\u00a0\u00bb title_text=\u00a0\u00bb5797DED1-5D7F-46AD-99B7-B0A82DE2B72A\u00a0\u00bb _builder_version=\u00a0\u00bb4.21.0&Prime; _module_preset=\u00a0\u00bbdefault\u00a0\u00bb hover_enabled=\u00a0\u00bb0&Prime; global_colors_info=\u00a0\u00bb{}\u00a0\u00bb sticky_enabled=\u00a0\u00bb0&Prime;][\/et_pb_image][et_pb_text _builder_version=\u00a0\u00bb4.21.0&Prime; _module_preset=\u00a0\u00bbdefault\u00a0\u00bb text_font=\u00a0\u00bb|||on|||||\u00a0\u00bb text_font_size=\u00a0\u00bb10px\u00a0\u00bb text_letter_spacing=\u00a0\u00bb1px\u00a0\u00bb text_line_height=\u00a0\u00bb2em\u00a0\u00bb custom_padding=\u00a0\u00bb0px||0px||false|false\u00a0\u00bb text_font_size_tablet=\u00a0\u00bb\u00a0\u00bb text_font_size_phone=\u00a0\u00bb12px\u00a0\u00bb text_font_size_last_edited=\u00a0\u00bbon|phone\u00a0\u00bb global_colors_info=\u00a0\u00bb{}\u00a0\u00bb]<\/p>\n<p data-start=\"72\" data-end=\"367\">As the founder of <strong><a href=\"atraari.com\">ATRAARI<\/a><\/strong>,<br \/>I\u2019ve personally experienced what it feels like to start wearing the hijab;<br \/>the mix of doubt, the search for style, and the journey to confidence.<br \/>This personal path inspired me to create a space where modesty is better<br \/>represented, valued, and more accessible to all.<\/p>\n<p data-start=\"369\" data-end=\"550\">Our collections feature hijabs<br \/>made from two luxurious fabrics, offering both comfort and elegance:<br \/><strong>premium jersey<\/strong>, soft and sculpting, and <strong>modal jersey<\/strong>, lightweight and breathable.<\/p>\n<p data-start=\"552\" data-end=\"737\" data-is-last-node=\"\" data-is-only-node=\"\">ATRAARI is founded on the belief that modesty is an act of bravery.<br \/>In a world where modesty is often misunderstood, we celebrate women who stay true to themselves with pride and style.<\/p>\n<p>&nbsp;<\/p>\n<p>[\/et_pb_text][\/et_pb_column][\/et_pb_row][\/et_pb_section][et_pb_section fb_built=\u00a0\u00bb1&Prime; disabled_on=\u00a0\u00bboff|off|on\u00a0\u00bb _builder_version=\u00a0\u00bb4.21.0&Prime; _module_preset=\u00a0\u00bbdefault\u00a0\u00bb custom_padding=\u00a0\u00bb0px||0px||true|false\u00a0\u00bb da_disable_devices=\u00a0\u00bboff|off|off\u00a0\u00bb global_colors_info=\u00a0\u00bb{}\u00a0\u00bb da_is_popup=\u00a0\u00bboff\u00a0\u00bb da_exit_intent=\u00a0\u00bboff\u00a0\u00bb da_has_close=\u00a0\u00bbon\u00a0\u00bb da_alt_close=\u00a0\u00bboff\u00a0\u00bb da_dark_close=\u00a0\u00bboff\u00a0\u00bb da_not_modal=\u00a0\u00bbon\u00a0\u00bb da_is_singular=\u00a0\u00bboff\u00a0\u00bb da_with_loader=\u00a0\u00bboff\u00a0\u00bb da_has_shadow=\u00a0\u00bbon\u00a0\u00bb][et_pb_row _builder_version=\u00a0\u00bb4.21.0&Prime; _module_preset=\u00a0\u00bbdefault\u00a0\u00bb width=\u00a0\u00bb97%\u00a0\u00bb max_width=\u00a0\u00bb2560px\u00a0\u00bb custom_padding=\u00a0\u00bb0px||0px||false|false\u00a0\u00bb global_colors_info=\u00a0\u00bb{}\u00a0\u00bb][et_pb_column type=\u00a0\u00bb4_4&Prime; _builder_version=\u00a0\u00bb4.21.0&Prime; _module_preset=\u00a0\u00bbdefault\u00a0\u00bb global_colors_info=\u00a0\u00bb{}\u00a0\u00bb][et_pb_image src=\u00a0\u00bbhttps:\/\/atraari.com\/wp-content\/uploads\/2025\/08\/Jersey-Premium-Hijab.png\u00a0\u00bb alt=\u00a0\u00bbPremium Jersey Hijabs Flowing in Soft Fabric &#8211; Atraari\u00a0\u00bb title_text=\u00a0\u00bbJersey Premium Hijab\u00a0\u00bb _builder_version=\u00a0\u00bb4.21.0&Prime; _module_preset=\u00a0\u00bbdefault\u00a0\u00bb hover_enabled=\u00a0\u00bb0&Prime; global_colors_info=\u00a0\u00bb{}\u00a0\u00bb sticky_enabled=\u00a0\u00bb0&Prime;][\/et_pb_image][et_pb_text _builder_version=\u00a0\u00bb4.21.0&Prime; _module_preset=\u00a0\u00bbdefault\u00a0\u00bb text_font=\u00a0\u00bb|||on|||||\u00a0\u00bb text_font_size=\u00a0\u00bb10px\u00a0\u00bb text_letter_spacing=\u00a0\u00bb1px\u00a0\u00bb text_line_height=\u00a0\u00bb2em\u00a0\u00bb custom_padding=\u00a0\u00bb0px||||false|false\u00a0\u00bb text_font_size_tablet=\u00a0\u00bb\u00a0\u00bb text_font_size_phone=\u00a0\u00bb12px\u00a0\u00bb text_font_size_last_edited=\u00a0\u00bbon|phone\u00a0\u00bb global_colors_info=\u00a0\u00bb{}\u00a0\u00bb]<\/p>\n<p>En tant que fondatrice d\u2019<strong>ATRAARI<\/strong>, j\u2019ai moi-m\u00eame ressenti ce que l\u2019on vit lorsqu\u2019on commence \u00e0 porter le hijab \u2014 ce m\u00e9lange de doutes, de recherche de style et de confiance. C\u2019est ce parcours personnel qui m\u2019a pouss\u00e9e \u00e0 cr\u00e9er un espace o\u00f9 la modestie est mieux repr\u00e9sent\u00e9e, valoris\u00e9e, et plus accessible \u00e0 toutes.<\/p>\n<p>Nos collections proposent des hijabs en deux mati\u00e8res luxueuses, offrant \u00e0 la fois confort et \u00e9l\u00e9gance : <strong>jersey premium<\/strong>, doux et structurant, et <strong>jersey modal<\/strong>, l\u00e9ger et respirant.\u00a0<\/p>\n<p>ATRAARI, fonde\u00e9 sur le principe que la modestie est un acte de bravoure. Dans un monde o\u00f9 la pudeur est souvent mal comprise, nous c\u00e9l\u00e9brons les femmes qui restent fid\u00e8les \u00e0 elles-m\u00eames avec fiert\u00e9 et style.<\/p>\n<p>&nbsp;<\/p>\n<p>[\/et_pb_text][\/et_pb_column][\/et_pb_row][\/et_pb_section][et_pb_section fb_built=\u00a0\u00bb1&Prime; disabled_on=\u00a0\u00bbon|on|off\u00a0\u00bb _builder_version=\u00a0\u00bb4.21.0&Prime; _module_preset=\u00a0\u00bbdefault\u00a0\u00bb custom_padding=\u00a0\u00bb0px||0px||true|false\u00a0\u00bb da_disable_devices=\u00a0\u00bboff|off|off\u00a0\u00bb global_colors_info=\u00a0\u00bb{}\u00a0\u00bb da_is_popup=\u00a0\u00bboff\u00a0\u00bb da_exit_intent=\u00a0\u00bboff\u00a0\u00bb da_has_close=\u00a0\u00bbon\u00a0\u00bb da_alt_close=\u00a0\u00bboff\u00a0\u00bb da_dark_close=\u00a0\u00bboff\u00a0\u00bb da_not_modal=\u00a0\u00bbon\u00a0\u00bb da_is_singular=\u00a0\u00bboff\u00a0\u00bb da_with_loader=\u00a0\u00bboff\u00a0\u00bb da_has_shadow=\u00a0\u00bbon\u00a0\u00bb][et_pb_row column_structure=\u00a0\u00bb1_2,1_2&Prime; _builder_version=\u00a0\u00bb4.21.0&Prime; _module_preset=\u00a0\u00bbdefault\u00a0\u00bb width=\u00a0\u00bb97%\u00a0\u00bb max_width=\u00a0\u00bb2560px\u00a0\u00bb custom_padding=\u00a0\u00bb0px||0px||false|false\u00a0\u00bb global_colors_info=\u00a0\u00bb{}\u00a0\u00bb][et_pb_column type=\u00a0\u00bb1_2&Prime; _builder_version=\u00a0\u00bb4.21.0&Prime; _module_preset=\u00a0\u00bbdefault\u00a0\u00bb global_colors_info=\u00a0\u00bb{}\u00a0\u00bb][et_pb_text _builder_version=\u00a0\u00bb4.21.0&Prime; _module_preset=\u00a0\u00bbdefault\u00a0\u00bb text_font=\u00a0\u00bb|||on|||||\u00a0\u00bb text_letter_spacing=\u00a0\u00bb1px\u00a0\u00bb text_line_height=\u00a0\u00bb2em\u00a0\u00bb custom_padding=\u00a0\u00bb0px||||false|false\u00a0\u00bb hover_enabled=\u00a0\u00bb0&Prime; text_font_size_tablet=\u00a0\u00bb\u00a0\u00bb text_font_size_phone=\u00a0\u00bb12px\u00a0\u00bb text_font_size_last_edited=\u00a0\u00bbon|phone\u00a0\u00bb global_colors_info=\u00a0\u00bb{}\u00a0\u00bb sticky_enabled=\u00a0\u00bb0&Prime;]<\/p>\n<p>En tant que fondatrice d\u2019<strong>ATRAARI<\/strong>, j\u2019ai moi-m\u00eame ressenti ce que l\u2019on vit lorsqu\u2019on commence \u00e0 porter le hijab \u2014 ce m\u00e9lange de doutes, de recherche de style et de confiance. C\u2019est ce parcours personnel qui m\u2019a pouss\u00e9e \u00e0 cr\u00e9er un espace o\u00f9 la modestie est mieux repr\u00e9sent\u00e9e, valoris\u00e9e, et plus accessible \u00e0 toutes.<\/p>\n<p>&nbsp;<\/p>\n<p>&nbsp;<\/p>\n<p>Nos collections proposent des hijabs en deux mati\u00e8res luxueuses, offrant \u00e0 la fois confort et \u00e9l\u00e9gance : <strong>jersey premium<\/strong>, doux et structurant, et <strong>jersey modal<\/strong>, l\u00e9ger et respirant.<\/p>\n<p>&nbsp;<\/p>\n<p>ATRAARI, fonde\u00e9 sur le principe que la modestie est un acte de bravoure. Dans un monde o\u00f9 la pudeur est souvent mal comprise, nous c\u00e9l\u00e9brons les femmes qui restent fid\u00e8les \u00e0 elles-m\u00eames avec fiert\u00e9 et style.<\/p>\n<p>&nbsp;<\/p>\n<p>[\/et_pb_text][\/et_pb_column][et_pb_column type=\u00a0\u00bb1_2&Prime; _builder_version=\u00a0\u00bb4.21.0&Prime; _module_preset=\u00a0\u00bbdefault\u00a0\u00bb global_colors_info=\u00a0\u00bb{}\u00a0\u00bb][et_pb_image src=\u00a0\u00bbhttps:\/\/atraari.com\/wp-content\/uploads\/2025\/08\/Jersey-Premium-Hijab.png\u00a0\u00bb alt=\u00a0\u00bbPremium Jersey Hijabs Flowing in Soft Fabric &#8211; Atraari\u00a0\u00bb title_text=\u00a0\u00bbJersey Premium Hijab\u00a0\u00bb _builder_version=\u00a0\u00bb4.21.0&Prime; _module_preset=\u00a0\u00bbdefault\u00a0\u00bb hover_enabled=\u00a0\u00bb0&Prime; global_colors_info=\u00a0\u00bb{}\u00a0\u00bb sticky_enabled=\u00a0\u00bb0&Prime;][\/et_pb_image][\/et_pb_column][\/et_pb_row][\/et_pb_section]<\/p>\n","protected":false},"excerpt":{"rendered":"<p>As the founder of ATRAARI,I\u2019ve personally experienced what it feels like to start wearing the hijab;the mix of doubt, the search for style, and the journey to confidence.This personal path inspired me to create a space where modesty is betterrepresented, valued, and more accessible to all. Our collections feature hijabsmade from two luxurious fabrics, offering [&hellip;]<\/p>\n","protected":false},"author":1,"featured_media":0,"parent":0,"menu_order":0,"comment_status":"closed","ping_status":"closed","template":"","meta":{"_et_pb_use_builder":"on","_et_pb_old_content":"","_et_gb_content_width":"","footnotes":""},"class_list":["post-515","page","type-page","status-publish","hentry"],"yoast_head":"<!-- This site is optimized with the Yoast SEO plugin v27.4 - https:\/\/yoast.com\/product\/yoast-seo-wordpress\/ -->\n<title>\u00c0 Propos de ATRAARI - Notre Histoire et Nos Valeurs<\/title>\n<meta name=\"description\" content=\"D\u00e9couvrez l&#039;histoire et les valeurs qui inspirent ATRAARI. Nous nous engageons \u00e0 offrir des produits de qualit\u00e9 sup\u00e9rieure, refl\u00e9tant l&#039;\u00e9l\u00e9gance et la modestie.\" \/>\n<meta name=\"robots\" content=\"index, follow, max-snippet:-1, max-image-preview:large, max-video-preview:-1\" \/>\n<link rel=\"canonical\" href=\"https:\/\/atraari.com\/en\/marque\/\" \/>\n<meta property=\"og:locale\" content=\"en_US\" \/>\n<meta property=\"og:type\" content=\"article\" \/>\n<meta property=\"og:title\" content=\"\u00c0 Propos de ATRAARI - Notre Histoire et Nos Valeurs\" \/>\n<meta property=\"og:description\" content=\"D\u00e9couvrez l&#039;histoire et les valeurs qui inspirent ATRAARI. Nous nous engageons \u00e0 offrir des produits de qualit\u00e9 sup\u00e9rieure, refl\u00e9tant l&#039;\u00e9l\u00e9gance et la modestie.\" \/>\n<meta property=\"og:url\" content=\"https:\/\/atraari.com\/en\/marque\/\" \/>\n<meta property=\"og:site_name\" content=\"atraari.com\" \/>\n<meta property=\"article:modified_time\" content=\"2025-08-12T12:50:00+00:00\" \/>\n<meta name=\"twitter:card\" content=\"summary_large_image\" \/>\n<meta name=\"twitter:label1\" content=\"Est. reading time\" \/>\n\t<meta name=\"twitter:data1\" content=\"2 minutes\" \/>\n<script type=\"application\/ld+json\" class=\"yoast-schema-graph\">{\"@context\":\"https:\\\/\\\/schema.org\",\"@graph\":[{\"@type\":\"WebPage\",\"@id\":\"https:\\\/\\\/atraari.com\\\/marque\\\/\",\"url\":\"https:\\\/\\\/atraari.com\\\/marque\\\/\",\"name\":\"\u00c0 Propos de ATRAARI - Notre Histoire et Nos Valeurs\",\"isPartOf\":{\"@id\":\"https:\\\/\\\/atraari.com\\\/#website\"},\"datePublished\":\"2024-06-07T13:08:04+00:00\",\"dateModified\":\"2025-08-12T12:50:00+00:00\",\"description\":\"D\u00e9couvrez l'histoire et les valeurs qui inspirent ATRAARI. Nous nous engageons \u00e0 offrir des produits de qualit\u00e9 sup\u00e9rieure, refl\u00e9tant l'\u00e9l\u00e9gance et la modestie.\",\"breadcrumb\":{\"@id\":\"https:\\\/\\\/atraari.com\\\/marque\\\/#breadcrumb\"},\"inLanguage\":\"en-US\",\"potentialAction\":[{\"@type\":\"ReadAction\",\"target\":[\"https:\\\/\\\/atraari.com\\\/marque\\\/\"]}]},{\"@type\":\"BreadcrumbList\",\"@id\":\"https:\\\/\\\/atraari.com\\\/marque\\\/#breadcrumb\",\"itemListElement\":[{\"@type\":\"ListItem\",\"position\":1,\"name\":\"Accueil\",\"item\":\"https:\\\/\\\/atraari.com\\\/\"},{\"@type\":\"ListItem\",\"position\":2,\"name\":\"MARQUE\"}]},{\"@type\":\"WebSite\",\"@id\":\"https:\\\/\\\/atraari.com\\\/#website\",\"url\":\"https:\\\/\\\/atraari.com\\\/\",\"name\":\"ATRAARI\",\"description\":\"Be Brave, Be Modest\",\"publisher\":{\"@id\":\"https:\\\/\\\/atraari.com\\\/#organization\"},\"alternateName\":\"atraari.com\",\"potentialAction\":[{\"@type\":\"SearchAction\",\"target\":{\"@type\":\"EntryPoint\",\"urlTemplate\":\"https:\\\/\\\/atraari.com\\\/?s={search_term_string}\"},\"query-input\":{\"@type\":\"PropertyValueSpecification\",\"valueRequired\":true,\"valueName\":\"search_term_string\"}}],\"inLanguage\":\"en-US\"},{\"@type\":\"Organization\",\"@id\":\"https:\\\/\\\/atraari.com\\\/#organization\",\"name\":\"ATRAARI\",\"url\":\"https:\\\/\\\/atraari.com\\\/\",\"logo\":{\"@type\":\"ImageObject\",\"inLanguage\":\"en-US\",\"@id\":\"https:\\\/\\\/atraari.com\\\/#\\\/schema\\\/logo\\\/image\\\/\",\"url\":\"https:\\\/\\\/atraari.com\\\/wp-content\\\/uploads\\\/2024\\\/05\\\/cropped-logo-vierkant-wit-1.png\",\"contentUrl\":\"https:\\\/\\\/atraari.com\\\/wp-content\\\/uploads\\\/2024\\\/05\\\/cropped-logo-vierkant-wit-1.png\",\"width\":512,\"height\":512,\"caption\":\"ATRAARI\"},\"image\":{\"@id\":\"https:\\\/\\\/atraari.com\\\/#\\\/schema\\\/logo\\\/image\\\/\"},\"sameAs\":[\"https:\\\/\\\/www.instagram.com\\\/atraari_\\\/\",\"https:\\\/\\\/www.tiktok.com\\\/@atraari\"]}]}<\/script>\n<!-- \/ Yoast SEO plugin. -->","yoast_head_json":{"title":"\u00c0 Propos de ATRAARI - Notre Histoire et Nos Valeurs","description":"D\u00e9couvrez l'histoire et les valeurs qui inspirent ATRAARI. Nous nous engageons \u00e0 offrir des produits de qualit\u00e9 sup\u00e9rieure, refl\u00e9tant l'\u00e9l\u00e9gance et la modestie.","robots":{"index":"index","follow":"follow","max-snippet":"max-snippet:-1","max-image-preview":"max-image-preview:large","max-video-preview":"max-video-preview:-1"},"canonical":"https:\/\/atraari.com\/en\/marque\/","og_locale":"en_US","og_type":"article","og_title":"\u00c0 Propos de ATRAARI - Notre Histoire et Nos Valeurs","og_description":"D\u00e9couvrez l'histoire et les valeurs qui inspirent ATRAARI. Nous nous engageons \u00e0 offrir des produits de qualit\u00e9 sup\u00e9rieure, refl\u00e9tant l'\u00e9l\u00e9gance et la modestie.","og_url":"https:\/\/atraari.com\/en\/marque\/","og_site_name":"atraari.com","article_modified_time":"2025-08-12T12:50:00+00:00","twitter_card":"summary_large_image","twitter_misc":{"Est. reading time":"2 minutes"},"schema":{"@context":"https:\/\/schema.org","@graph":[{"@type":"WebPage","@id":"https:\/\/atraari.com\/marque\/","url":"https:\/\/atraari.com\/marque\/","name":"\u00c0 Propos de ATRAARI - Notre Histoire et Nos Valeurs","isPartOf":{"@id":"https:\/\/atraari.com\/#website"},"datePublished":"2024-06-07T13:08:04+00:00","dateModified":"2025-08-12T12:50:00+00:00","description":"D\u00e9couvrez l'histoire et les valeurs qui inspirent ATRAARI. Nous nous engageons \u00e0 offrir des produits de qualit\u00e9 sup\u00e9rieure, refl\u00e9tant l'\u00e9l\u00e9gance et la modestie.","breadcrumb":{"@id":"https:\/\/atraari.com\/marque\/#breadcrumb"},"inLanguage":"en-US","potentialAction":[{"@type":"ReadAction","target":["https:\/\/atraari.com\/marque\/"]}]},{"@type":"BreadcrumbList","@id":"https:\/\/atraari.com\/marque\/#breadcrumb","itemListElement":[{"@type":"ListItem","position":1,"name":"Accueil","item":"https:\/\/atraari.com\/"},{"@type":"ListItem","position":2,"name":"MARQUE"}]},{"@type":"WebSite","@id":"https:\/\/atraari.com\/#website","url":"https:\/\/atraari.com\/","name":"ATRAARI","description":"Be Brave, Be Modest","publisher":{"@id":"https:\/\/atraari.com\/#organization"},"alternateName":"atraari.com","potentialAction":[{"@type":"SearchAction","target":{"@type":"EntryPoint","urlTemplate":"https:\/\/atraari.com\/?s={search_term_string}"},"query-input":{"@type":"PropertyValueSpecification","valueRequired":true,"valueName":"search_term_string"}}],"inLanguage":"en-US"},{"@type":"Organization","@id":"https:\/\/atraari.com\/#organization","name":"ATRAARI","url":"https:\/\/atraari.com\/","logo":{"@type":"ImageObject","inLanguage":"en-US","@id":"https:\/\/atraari.com\/#\/schema\/logo\/image\/","url":"https:\/\/atraari.com\/wp-content\/uploads\/2024\/05\/cropped-logo-vierkant-wit-1.png","contentUrl":"https:\/\/atraari.com\/wp-content\/uploads\/2024\/05\/cropped-logo-vierkant-wit-1.png","width":512,"height":512,"caption":"ATRAARI"},"image":{"@id":"https:\/\/atraari.com\/#\/schema\/logo\/image\/"},"sameAs":["https:\/\/www.instagram.com\/atraari_\/","https:\/\/www.tiktok.com\/@atraari"]}]}},"jetpack_sharing_enabled":true,"_links":{"self":[{"href":"https:\/\/atraari.com\/en\/wp-json\/wp\/v2\/pages\/515","targetHints":{"allow":["GET"]}}],"collection":[{"href":"https:\/\/atraari.com\/en\/wp-json\/wp\/v2\/pages"}],"about":[{"href":"https:\/\/atraari.com\/en\/wp-json\/wp\/v2\/types\/page"}],"author":[{"embeddable":true,"href":"https:\/\/atraari.com\/en\/wp-json\/wp\/v2\/users\/1"}],"replies":[{"embeddable":true,"href":"https:\/\/atraari.com\/en\/wp-json\/wp\/v2\/comments?post=515"}],"version-history":[{"count":30,"href":"https:\/\/atraari.com\/en\/wp-json\/wp\/v2\/pages\/515\/revisions"}],"predecessor-version":[{"id":2349,"href":"https:\/\/atraari.com\/en\/wp-json\/wp\/v2\/pages\/515\/revisions\/2349"}],"wp:attachment":[{"href":"https:\/\/atraari.com\/en\/wp-json\/wp\/v2\/media?parent=515"}],"curies":[{"name":"wp","href":"https:\/\/api.w.org\/{rel}","templated":true}]}}